{"id":456,"date":"2020-04-30T06:06:28","date_gmt":"2020-04-30T06:06:28","guid":{"rendered":"https:\/\/kmslaser.com\/?page_id=456"},"modified":"2023-04-13T03:06:48","modified_gmt":"2023-04-13T03:06:48","slug":"kms021-machine-de-luminotherapie-a-led-4-couleurs-de-lumiere","status":"publish","type":"page","link":"https:\/\/kmslaser.com\/fr\/kms021-led-light-therapy-machine-4-light-colors\/","title":{"rendered":"KMS021 Machine de luminoth\u00e9rapie LED 4 couleurs de lumi\u00e8re"},"content":{"rendered":"","protected":false},"excerpt":{"rendered":"","protected":false},"author":1,"featured_media":0,"parent":0,"menu_order":0,"comment_status":"closed","ping_status":"closed","template":"product-details.php","meta":{"_acf_changed":false,"site-sidebar-layout":"no-sidebar","site-content-layout":"page-builder","ast-site-content-layout":"default","site-content-style":"default","site-sidebar-style":"default","ast-global-header-display":"","ast-banner-title-visibility":"","ast-main-header-display":"","ast-hfb-above-header-display":"","ast-hfb-below-header-display":"","ast-hfb-mobile-header-display":"","site-post-title":"disabled","ast-breadcrumbs-content":"disabled","ast-featured-img":"disabled","footer-sml-layout":"","ast-disable-related-posts":"","theme-transparent-header-meta":"default","adv-header-id-meta":null,"stick-header-meta":"default","header-above-stick-meta":null,"header-main-stick-meta":"","header-below-stick-meta":null,"astra-migrate-meta-layouts":"default","ast-page-background-enabled":"default","ast-page-background-meta":{"desktop":{"background-color":"","background-image":"","background-repeat":"repeat","background-position":"center center","background-size":"auto","background-attachment":"scroll","background-type":"","background-media":"","overlay-type":"","overlay-color":"","overlay-opacity":"","overlay-gradient":""},"tablet":{"background-color":"","background-image":"","background-repeat":"repeat","background-position":"center center","background-size":"auto","background-attachment":"scroll","background-type":"","background-media":"","overlay-type":"","overlay-color":"","overlay-opacity":"","overlay-gradient":""},"mobile":{"background-color":"","background-image":"","background-repeat":"repeat","background-position":"center center","background-size":"auto","background-attachment":"scroll","background-type":"","background-media":"","overlay-type":"","overlay-color":"","overlay-opacity":"","overlay-gradient":""}},"ast-content-background-meta":{"desktop":{"background-color":"var(--ast-global-color-5)","background-image":"","background-repeat":"repeat","background-position":"center center","background-size":"auto","background-attachment":"scroll","background-type":"","background-media":"","overlay-type":"","overlay-color":"","overlay-opacity":"","overlay-gradient":""},"tablet":{"background-color":"var(--ast-global-color-5)","background-image":"","background-repeat":"repeat","background-position":"center center","background-size":"auto","background-attachment":"scroll","background-type":"","background-media":"","overlay-type":"","overlay-color":"","overlay-opacity":"","overlay-gradient":""},"mobile":{"background-color":"var(--ast-global-color-5)","background-image":"","background-repeat":"repeat","background-position":"center center","background-size":"auto","background-attachment":"scroll","background-type":"","background-media":"","overlay-type":"","overlay-color":"","overlay-opacity":"","overlay-gradient":""}},"footnotes":""},"class_list":["post-456","page","type-page","status-publish","hentry"],"acf":[],"yoast_head":"<!-- This site is optimized with the Yoast SEO Premium plugin v27.0 (Yoast SEO v27.5) - https:\/\/yoast.com\/product\/yoast-seo-premium-wordpress\/ -->\n<title>LED Light Therapy Machine - LED Photon Light Therapy - Contour Light<\/title>\n<meta name=\"description\" content=\"KMSLASER Designs and Manufactures LED Light Therapy Devices for Skincare, Ship Globally For Their Unbeatable Quality &amp; Longer Life. Contact us Today!\" \/>\n<meta name=\"robots\" content=\"index, follow, max-snippet:-1, max-image-preview:large, max-video-preview:-1\" \/>\n<link rel=\"canonical\" href=\"https:\/\/kmslaser.com\/fr\/kms021-machine-de-luminotherapie-a-led-4-couleurs-de-lumiere\/\" \/>\n<meta property=\"og:locale\" content=\"fr_FR\" \/>\n<meta property=\"og:type\" content=\"article\" \/>\n<meta property=\"og:title\" content=\"KMS021 LED Light Therapy Machine 4 light colors\" \/>\n<meta property=\"og:description\" content=\"KMSLASER Designs and Manufactures LED Light Therapy Devices for Skincare, Ship Globally For Their Unbeatable Quality &amp; Longer Life. Contact us Today!\" \/>\n<meta property=\"og:url\" content=\"https:\/\/kmslaser.com\/fr\/kms021-machine-de-luminotherapie-a-led-4-couleurs-de-lumiere\/\" \/>\n<meta property=\"og:site_name\" content=\"KMSLaser\" \/>\n<meta property=\"article:modified_time\" content=\"2023-04-13T03:06:48+00:00\" \/>\n<meta name=\"twitter:card\" content=\"summary_large_image\" \/>\n<!-- \/ Yoast SEO Premium plugin. -->","yoast_head_json":{"title":"Machine de luminoth\u00e9rapie LED - Luminoth\u00e9rapie par photons LED - Contour Light","description":"KMSLASER con\u00e7oit et fabrique des appareils de luminoth\u00e9rapie LED pour les soins de la peau, exp\u00e9die dans le monde entier pour leur qualit\u00e9 imbattable et leur dur\u00e9e de vie plus longue. Contactez-nous d\u00e8s aujourd'hui !","robots":{"index":"index","follow":"follow","max-snippet":"max-snippet:-1","max-image-preview":"max-image-preview:large","max-video-preview":"max-video-preview:-1"},"canonical":"https:\/\/kmslaser.com\/fr\/kms021-machine-de-luminotherapie-a-led-4-couleurs-de-lumiere\/","og_locale":"fr_FR","og_type":"article","og_title":"KMS021 LED Light Therapy Machine 4 light colors","og_description":"KMSLASER Designs and Manufactures LED Light Therapy Devices for Skincare, Ship Globally For Their Unbeatable Quality & Longer Life. Contact us Today!","og_url":"https:\/\/kmslaser.com\/fr\/kms021-machine-de-luminotherapie-a-led-4-couleurs-de-lumiere\/","og_site_name":"KMSLaser","article_modified_time":"2023-04-13T03:06:48+00:00","twitter_card":"summary_large_image","schema":{"@context":"https:\/\/schema.org","@graph":[{"@type":"WebPage","@id":"https:\/\/kmslaser.com\/kms021-led-light-therapy-machine-4-light-colors\/","url":"https:\/\/kmslaser.com\/kms021-led-light-therapy-machine-4-light-colors\/","name":"Machine de luminoth\u00e9rapie LED - Luminoth\u00e9rapie par photons LED - Contour Light","isPartOf":{"@id":"https:\/\/kmslaser.com\/#website"},"datePublished":"2020-04-30T06:06:28+00:00","dateModified":"2023-04-13T03:06:48+00:00","description":"KMSLASER con\u00e7oit et fabrique des appareils de luminoth\u00e9rapie LED pour les soins de la peau, exp\u00e9die dans le monde entier pour leur qualit\u00e9 imbattable et leur dur\u00e9e de vie plus longue. Contactez-nous d\u00e8s aujourd'hui !","breadcrumb":{"@id":"https:\/\/kmslaser.com\/kms021-led-light-therapy-machine-4-light-colors\/#breadcrumb"},"inLanguage":"fr-FR","potentialAction":[{"@type":"ReadAction","target":["https:\/\/kmslaser.com\/kms021-led-light-therapy-machine-4-light-colors\/"]}]},{"@type":"BreadcrumbList","@id":"https:\/\/kmslaser.com\/kms021-led-light-therapy-machine-4-light-colors\/#breadcrumb","itemListElement":[{"@type":"ListItem","position":1,"name":"Home","item":"https:\/\/kmslaser.com\/"},{"@type":"ListItem","position":2,"name":"KMS021 LED Light Therapy Machine 4 light colors"}]},{"@type":"WebSite","@id":"https:\/\/kmslaser.com\/#website","url":"https:\/\/kmslaser.com\/","name":"KMSLaser","description":"","publisher":{"@id":"https:\/\/kmslaser.com\/#organization"},"potentialAction":[{"@type":"SearchAction","target":{"@type":"EntryPoint","urlTemplate":"https:\/\/kmslaser.com\/?s={search_term_string}"},"query-input":{"@type":"PropertyValueSpecification","valueRequired":true,"valueName":"search_term_string"}}],"inLanguage":"fr-FR"},{"@type":"Organization","@id":"https:\/\/kmslaser.com\/#organization","name":"KMSLaser","url":"https:\/\/kmslaser.com\/","logo":{"@type":"ImageObject","inLanguage":"fr-FR","@id":"https:\/\/kmslaser.com\/#\/schema\/logo\/image\/","url":"https:\/\/kmslaser.com\/wp-content\/uploads\/2020\/02\/logo.png","contentUrl":"https:\/\/kmslaser.com\/wp-content\/uploads\/2020\/02\/logo.png","width":180,"height":71,"caption":"KMSLaser"},"image":{"@id":"https:\/\/kmslaser.com\/#\/schema\/logo\/image\/"}}]}},"_links":{"self":[{"href":"https:\/\/kmslaser.com\/fr\/wp-json\/wp\/v2\/pages\/456","targetHints":{"allow":["GET"]}}],"collection":[{"href":"https:\/\/kmslaser.com\/fr\/wp-json\/wp\/v2\/pages"}],"about":[{"href":"https:\/\/kmslaser.com\/fr\/wp-json\/wp\/v2\/types\/page"}],"author":[{"embeddable":true,"href":"https:\/\/kmslaser.com\/fr\/wp-json\/wp\/v2\/users\/1"}],"replies":[{"embeddable":true,"href":"https:\/\/kmslaser.com\/fr\/wp-json\/wp\/v2\/comments?post=456"}],"version-history":[{"count":0,"href":"https:\/\/kmslaser.com\/fr\/wp-json\/wp\/v2\/pages\/456\/revisions"}],"wp:attachment":[{"href":"https:\/\/kmslaser.com\/fr\/wp-json\/wp\/v2\/media?parent=456"}],"curies":[{"name":"wp","href":"https:\/\/api.w.org\/{rel}","templated":true}]}}