{"id":16,"date":"2020-02-19T07:00:09","date_gmt":"2020-02-19T07:00:09","guid":{"rendered":"https:\/\/kmslaser.com\/?page_id=16"},"modified":"2022-02-22T07:59:45","modified_gmt":"2022-02-22T07:59:45","slug":"a-propos-de","status":"publish","type":"page","link":"https:\/\/kmslaser.com\/fr\/about\/","title":{"rendered":"A propos de"},"content":{"rendered":"<div class=\"bannerWraper aboutBanner\">\n<div class=\"bannerImage\"><\/div>\n<div class=\"container\">\n<div class=\"row\">\n<div class=\"bannerContent whiteCircleList\">\n<h1 class=\"bannerHeading clrWhite\">\u00c0 propos de KMSLASER<\/h1>\n<div class=\"bannerText clrWhite\">8 ans de fabricant de diff\u00e9rentes machines de beaut\u00e9<\/div>\n<ul>\n<li>Conception unique<\/li>\n<li>OEM&amp;ODM disponible<\/li>\n<li>Livraison directe disponible<\/li>\n<li>Service technique fourni<\/li>\n<\/ul>\n<div class=\"aboutBtn bannerBtn\"><a class=\"fancybox-inline commonBtn whiteBtn minwidth210\" href=\"#contactPopUpForm\">Envoyez votre demande<\/a><\/div>\n<\/div>\n<\/div>\n<\/div>\n<\/div>\n<div class=\"aboutSection2 paddTop90 paddBottom90\">\n<div class=\"container\">\n<div class=\"row cust-row text-center\">\n<div class=\"col-sm-12\">\n<h2>KMSLASER : Votre fabricant de machines de beaut\u00e9 personnalis\u00e9es<\/h2>\n<div class=\"aboutSectionText\">Nous avons 5 ing\u00e9nieurs logiciels et 2 ing\u00e9nieurs mat\u00e9riels pour r\u00e9pondre \u00e0 votre demande de personnalisation de diff\u00e9rentes machines de beaut\u00e9. Nous avons une usine pour vous soutenir avant et apr\u00e8s la vente.<\/div>\n<\/div>\n<\/div>\n<\/div>\n<\/div>\n<div class=\"aboutSection2Btn text-center\"><a class=\"fancybox-inline commonBtn\" href=\"#contactPopUpForm\">Demander un devis rapide<\/a><\/div>\n<div class=\"aboutFeaturedSection paddTop90 paddBottom60\">\n<div class=\"container\">\n<div class=\"row cust-row text-center\">\n<div class=\"col-sm-12 col-md-4 paddBottom30\">\n<div class=\"aboutFeaturedBox\">\n<div class=\"aboutFeaturedImg\">\n<div><a href=\"\/fr\/ems-fitness-machine\/\" target=\"_blank\" rel=\"noopener noreferrer\"><img decoding=\"async\" class=\"img-responsive\" src=\"\/wp-content\/uploads\/2020\/05\/EMS_Fitness_machine.jpeg\" \/><\/a><\/div>\n<div class=\"aboutFeaturedHoverWrapper\">\n<div class=\"aboutFeaturedBtn\"><a class=\"commonBtn\" href=\"https:\/\/kmslaser.com\/fr\/machine-de-fitness-ems-2\/\" target=\"_blank\" rel=\"noopener noreferrer\">Voir les d\u00e9tails<\/a><\/div>\n<\/div>\n<\/div>\n<div class=\"aboutFeaturedTitle paddTop20 tex-left\"><a href=\"https:\/\/kmslaser.com\/fr\/machine-de-fitness-ems-2\/\" target=\"_blank\" rel=\"noopener noreferrer\">Machine de fitness EMS<\/a><\/div>\n<div class=\"aboutFeaturedText\">Suspendisse accumsan libero nec maximus semper. Morbi urna sem, laoreet porttitor nulla.<\/div>\n<\/div>\n<\/div>\n<div class=\"col-sm-12 col-md-4 paddBottom30\">\n<div class=\"aboutFeaturedBox\">\n<div class=\"aboutFeaturedImg\">\n<div><a href=\"#\" target=\"_blank\" rel=\"noopener noreferrer\"><img decoding=\"async\" class=\"img-responsive\" src=\"\/wp-content\/uploads\/2020\/05\/SPA12_Hydro_Dermabrasion_Machine.jpeg\" \/><\/a><\/div>\n<div class=\"aboutFeaturedHoverWrapper\">\n<div class=\"aboutFeaturedBtn\"><a class=\"commonBtn\" href=\"https:\/\/kmslaser.com\/fr\/machine-de-soins-du-visage-par-hydrodermabrasion-spa12\/\" target=\"_blank\" rel=\"noopener noreferrer\">Voir les d\u00e9tails<\/a><\/div>\n<\/div>\n<\/div>\n<div class=\"aboutFeaturedTitle paddTop20 tex-left\"><a href=\"https:\/\/kmslaser.com\/fr\/machine-de-soins-du-visage-par-hydrodermabrasion-spa12\/\" target=\"_blank\" rel=\"noopener noreferrer\">SPA12_Hydro_Dermabrasion_Machine<\/a><\/div>\n<div class=\"aboutFeaturedText\">Suspendisse accumsan libero nec maximus semper. Morbi urna sem, laoreet porttitor nulla.<\/div>\n<\/div>\n<\/div>\n<div class=\"col-sm-12 col-md-4 paddBottom30\">\n<div class=\"aboutFeaturedBox\">\n<div class=\"aboutFeaturedImg\">\n<div><a href=\"\/fr\/v9-body-slimming-machine\/\" target=\"_blank\" rel=\"noopener noreferrer\"><img decoding=\"async\" class=\"img-responsive\" src=\"\/wp-content\/uploads\/2020\/05\/V9_Body_Slimming_Machine.jpeg\" \/><\/a><\/div>\n<div class=\"aboutFeaturedHoverWrapper\">\n<div class=\"aboutFeaturedBtn\"><a class=\"commonBtn\" href=\"https:\/\/kmslaser.com\/fr\/machine-v9-velashape\/\" target=\"_blank\" rel=\"noopener noreferrer\">Voir les d\u00e9tails<\/a><\/div>\n<\/div>\n<\/div>\n<div class=\"aboutFeaturedTitle paddTop20 tex-left\"><a href=\"https:\/\/kmslaser.com\/fr\/machine-v9-velashape\/\" target=\"_blank\" rel=\"noopener noreferrer\">Machine d'amincissement corporel V9<\/a><\/div>\n<div class=\"aboutFeaturedText\">Suspendisse accumsan libero nec maximus semper. Morbi urna sem, laoreet porttitor nulla.<\/div>\n<\/div>\n<\/div>\n<\/div>\n<\/div>\n<\/div>\n<div class=\"aboutFeaturedPoints paddTop90 paddBottom90\">\n<div class=\"container\">\n<div class=\"row cust-row text-center\">\n<div class=\"col-sm-12 paddBottom40\">\n<h2>Rapide et tr\u00e8s efficace<\/h2>\n<\/div>\n<div class=\"clearfix\"><\/div>\n<div class=\"col-sm-6 col-md-3 paddBottom30\">\n<div class=\"aboutSupportBox aboutSupportBox1\">\n<div class=\"aboutSupportTitle\">Communication rapide<\/div>\n<\/div>\n<\/div>\n<div class=\"col-sm-6 col-md-3 paddBottom30\">\n<div class=\"aboutSupportBox aboutSupportBox2\">\n<div class=\"aboutSupportTitle\">\u00c9chantillon rapide<\/div>\n<\/div>\n<\/div>\n<div class=\"col-sm-6 col-md-3 paddBottom30\">\n<div class=\"aboutSupportBox aboutSupportBox3\">\n<div class=\"aboutSupportTitle\">Livraison rapide<\/div>\n<\/div>\n<\/div>\n<div class=\"col-sm-6 col-md-3 paddBottom30\">\n<div class=\"aboutSupportBox aboutSupportBox4\">\n<div class=\"aboutSupportTitle\">Solution rapide aux plaintes<\/div>\n<\/div>\n<\/div>\n<\/div>\n<\/div>\n<\/div>\n<div class=\"aboutSection5 paddTop90 paddBottom90\">\n<div class=\"container\">\n<div class=\"row cust-row\">\n<div class=\"col-sm-12 text-center paddBottom85\">\n<h2>Contr\u00f4le qualit\u00e9 strict de chaque machine<\/h2>\n<div class=\"aboutSectionText paddBottom35\">Tous les \u00e9l\u00e9ments de la carte \u00e9lectrique sont test\u00e9s. Toutes les cartes m\u00e8res sont con\u00e7ues par nous. Et toutes les machines sont strictement test\u00e9es avant la livraison.<\/div>\n<div><a class=\"fancybox-inline commonBtn\" href=\"#contactPopUpForm\">Demander un devis rapide<\/a><\/div>\n<\/div>\n<div class=\"clearfix\"><\/div>\n<div class=\"col-sm-12 col-md-6\">\n<div class=\"aboutSliderWrapper aboutSliderWrapperLeft\"><div id=\"custom_html-8\" class=\"widget_text widget-container widget_custom_html\"><div class=\"textwidget custom-html-widget\"><ul class=\"homeSlider\">\r\n<li class=\"slide\"><img decoding=\"async\" src=\"\/wp-content\/uploads\/2020\/05\/Electric-Main-board-Design.jpg\" alt=\"Conception de la carte principale \u00e9lectrique\"><\/li>\r\n<li class=\"slide\"><img decoding=\"async\" src=\"\/wp-content\/uploads\/2020\/05\/ODM-Total-New-model.jpg\" alt=\"Nouveau mod\u00e8le ODM total\"><\/li>\r\n<li class=\"slide\"><img decoding=\"async\" src=\"\/wp-content\/uploads\/2020\/05\/Software-Design.jpg\" alt=\"Conception logicielle\"><\/li>\r\n<\/ul><\/div><\/div><div id=\"custom_html-4\" class=\"widget_text widget-container widget_custom_html\"><div class=\"textwidget custom-html-widget\"><div class=\"categoryForm divScroll\">\r\n<div class=\"cFormTitle\">Envoyez votre demande d\u00e8s aujourd'hui<\/div>\r\n<form action=\"https:\/\/gznewbelle.wufoo.com\/forms\/z8jntpu01jlvhd\/#public\" method=\"post\" name=\"form1\">\r\n<input name=\"Field1\" required type=\"text\" value=\"\" placeholder=\"Nom*\" \/>\r\n<input name=\"Field2\" required type=\"email\" value=\"\" placeholder=\"Courriel*\" \/>\r\n<textarea name=\"Field3\" required placeholder=\"Comment pouvons-nous vous aider ?\"><\/textarea>\r\n<div class=\"hidden\"><input name=\"Field4\" type=\"text\" value=\"http:\/\/kmslaser.com\/fr\/wp-json\/wp\/v2\/pages\/16\"\/><\/div>\r\n<div class=\"hidden\"><input name=\"Field6\" type=\"text\" value=\"\" \/><\/div>\r\n<div class=\"hidden\"><input name=\"Field7\" type=\"text\" value=\"Something else\" \/><\/div><div class=\"text-right\"><input name=\"saveForm\" type=\"submit\" value=\"Soumettre\" \/><\/div>\r\n<div class=\"hidden\"><textarea id=\"comment\" cols=\"1\" name=\"comment\" rows=\"1\"><\/textarea>\r\n<input id=\"idstamp\" name=\"idstamp\" type=\"hidden\" value=\"ctHYRv3PPgU5QxYPmFVAyor6rt1A67ued3gb1t6GN0M=\" \/><\/div>\r\n<\/form>\r\n<\/div><\/div><\/div><\/div>\n<\/div>\n<div class=\"col-sm-12 col-md-6 greyCircleList responsiveMargin\">\n<div class=\"aboutSliderHeading\">Conception et programmation uniques<\/div>\n<ul>\n<li>Nouveau mod\u00e8le ODM<\/li>\n<li>Conception de la carte m\u00e8re \u00e9lectrique.<\/li>\n<li>Programmation logicielle.<\/li>\n<li>Conception logicielle<\/li>\n<\/ul>\n<div><a class=\"fancybox-inline commonBtn\" href=\"#contactPopUpForm\">Envoyez votre demande maintenant<\/a><\/div>\n<\/div>\n<div class=\"clearfix paddBottom85\"><\/div>\n<div class=\"col-sm-12 col-md-6 greyCircleList\">\n<div class=\"aboutSliderHeading\">Structure stable<\/div>\n<ul>\n<li>\u00c9tag\u00e8re enti\u00e8rement en fer<\/li>\n<li>Assembl\u00e9 scientifiquement<\/li>\n<li>Structure con\u00e7ue scientifiquement.<\/li>\n<li>Techniquement qualifi\u00e9.<\/li>\n<\/ul>\n<div><a class=\"fancybox-inline commonBtn\" href=\"#contactPopUpForm\">Envoyez votre demande maintenant<\/a><\/div>\n<\/div>\n<div class=\"col-sm-12 col-md-6 responsiveMargin\">\n<div class=\"aboutSliderWrapper aboutSliderWrapperRight\"><div id=\"custom_html-9\" class=\"widget_text widget-container widget_custom_html\"><div class=\"textwidget custom-html-widget\"><ul class=\"homeSlider\">\r\n<li class=\"slide\"><img decoding=\"async\" src=\"\/wp-content\/uploads\/2020\/05\/Iron-Structure.jpg\" alt=\"Structure en fer\"><\/li>\r\n<li class=\"slide\"><img decoding=\"async\" src=\"\/wp-content\/uploads\/2020\/05\/Scientifically-assembled.jpg\" alt=\"Assembl\u00e9 scientifiquement\"><\/li>\r\n<\/ul><\/div><\/div><\/div>\n<\/div>\n<div class=\"clearfix paddBottom85\"><\/div>\n<div class=\"col-sm-12 col-md-6\">\n<div class=\"aboutSliderWrapper aboutSliderWrapperLeft\"><div id=\"custom_html-10\" class=\"widget_text widget-container widget_custom_html\"><div class=\"textwidget custom-html-widget\"><ul class=\"homeSlider\">\r\n<li class=\"slide\"><img decoding=\"async\" src=\"\/wp-content\/uploads\/2020\/05\/Electric-Bord-Testing.jpg\" alt=\"Test de la carte \u00e9lectrique\"><\/li>\r\n<li class=\"slide\"><img decoding=\"async\" src=\"\/wp-content\/uploads\/2020\/05\/Non-dust-worship-for-testing.jpg\" alt=\"Atelier sans poussi\u00e8re pour les tests\"><\/li>\r\n<li class=\"slide\"><img decoding=\"async\" src=\"\/wp-content\/uploads\/2020\/05\/Whole-machine-Testing.jpg\" alt=\"Test de la machine enti\u00e8re\"><\/li>\r\n<\/ul><\/div><\/div><\/div>\n<\/div>\n<div class=\"col-sm-12 col-md-6 greyCircleList responsiveMargin\">\n<div class=\"aboutSliderHeading\">Inspection de la qualit\u00e9<\/div>\n<ul>\n<li>Test des composants \u00e9lectroniques<\/li>\n<li>Atelier sans poussi\u00e8re pour les tests.<\/li>\n<li>Test de la carte \u00e9lectrique<\/li>\n<li>Test de la machine enti\u00e8re<\/li>\n<\/ul>\n<div><a class=\"fancybox-inline commonBtn\" href=\"#contactPopUpForm\">Envoyez votre demande maintenant<\/a><\/div>\n<\/div>\n<\/div>\n<\/div>\n<\/div>\n<div class=\"aboutSection6 paddBottom60\">\n<div class=\"container\">\n<div class=\"row cust-row text-center\">\n<div class=\"col-sm-12\">\n<div class=\"aboutSec6Box\">\n<div class=\"aboutSec6Img\"><img decoding=\"async\" class=\"img-responsive\" src=\"\/wp-content\/uploads\/2020\/03\/homeTabImg.jpg\" \/><\/div>\n<div class=\"aboutSec6Text tex-left\">Installation de la machine d'\u00e9pilation<\/div>\n<\/div>\n<\/div>\n<\/div>\n<\/div>\n<\/div>\n<div class=\"aboutTeamSection paddTop90 paddBottom60\">\n<div class=\"container\">\n<div class=\"row cust-row text-center\">\n<div class=\"col-sm-12 text-center paddBottom60\">\n<h2>\u00c9quipe exp\u00e9riment\u00e9e<\/h2>\n<div class=\"aboutSectionText\">8 ans d'exp\u00e9rience dans la fabrication. Nous travaillons dur avec nos ing\u00e9nieurs et notre personnel comp\u00e9tents pour fournir une solution faciale compl\u00e8te pour votre entreprise acquise. Nous ne nous concentrons pas seulement sur l'innovation de produits de machines de beaut\u00e9, mais aussi sur la construction de notre r\u00e9putation exceptionnelle aupr\u00e8s de nos clients du monde entier.<\/div>\n<\/div>\n<div class=\"clearfix\"><\/div>\n<div class=\"col-sm-12 col-md-6\">\n<div class=\"aboutTeamBox aboutTeamBox1 aboutTeamBoxLeft\">\n<div class=\"aboutTeamTitle\">\u00c9quipe de conception<\/div>\n<div class=\"aboutTeamText\">Ing\u00e9nieurs professionnels pour r\u00e9pondre \u00e0 vos diff\u00e9rentes exigences.<\/div>\n<\/div>\n<\/div>\n<div class=\"col-sm-12 col-md-6\">\n<div class=\"aboutTeamBox aboutTeamBox2 aboutTeamBoxRight\">\n<div class=\"aboutTeamTitle\">\u00c9quipe de production<\/div>\n<div class=\"aboutTeamText\">Travailleurs hautement qualifi\u00e9s pour produire des produits qualifi\u00e9s<\/div>\n<\/div>\n<\/div>\n<div class=\"clearfix\"><\/div>\n<div class=\"col-sm-12 col-md-6\">\n<div class=\"aboutTeamBox aboutTeamBox3 aboutTeamBoxLeft\">\n<div class=\"aboutTeamTitle\">\u00c9quipe de vente<\/div>\n<div class=\"aboutTeamText\">\u00c9quipe de vente comp\u00e9tente pour r\u00e9pondre \u00e0 toutes vos questions.<\/div>\n<\/div>\n<\/div>\n<div class=\"col-sm-12 col-md-6\">\n<div class=\"aboutTeamBox aboutTeamBox4 aboutTeamBoxRight\">\n<div class=\"aboutTeamTitle\">\u00c9quipe de qualit\u00e9<\/div>\n<div class=\"aboutTeamText\">3 inspections de qualit\u00e9 avant la livraison.<\/div>\n<\/div>\n<\/div>\n<div class=\"clearfix\"><\/div>\n<div class=\"col-sm-12 col-md-6\">\n<div class=\"aboutTeamBox aboutTeamBox5 aboutTeamBoxLeft\">\n<div class=\"aboutTeamTitle\">\u00c9quipe marketing<\/div>\n<div class=\"aboutTeamText\">\u00c9quipe exp\u00e9riment\u00e9e pour vous fournir du mat\u00e9riel marketing complet<\/div>\n<\/div>\n<\/div>\n<div class=\"col-sm-12 col-md-6\">\n<div class=\"aboutTeamBox aboutTeamBox6 aboutTeamBoxRight\">\n<div class=\"aboutTeamTitle\">\u00c9quipe d'emballage<\/div>\n<div class=\"aboutTeamText\">Chaque colis est emball\u00e9 avec soin et rigueur.<\/div>\n<\/div>\n<\/div>\n<\/div>\n<\/div>\n<\/div>\n<div class=\"aboutContactSection greySection paddTop80 paddBottom75\">\n<div class=\"container\">\n<div class=\"row cust-row text-center\">\n<div class=\"col-sm-12 paddBottom20\">\n<h2>Contactez KMSlaser d\u00e8s maintenant<\/h2>\n<\/div>\n<div class=\"clearfix\"><\/div>\n<div class=\"aboutContactForm\"><div id=\"custom_html-5\" class=\"widget_text widget-container widget_custom_html\"><div class=\"textwidget custom-html-widget\"><form action=\"https:\/\/gznewbelle.wufoo.com\/forms\/z8jntpu01jlvhd\/#public\" method=\"post\" name=\"form1\">\r\n<div class=\"col-sm-6\"><input name=\"Field1\" required type=\"text\" value=\"\" placeholder=\"Votre nom\" \/><\/div>\r\n<div class=\"col-sm-6\"><input name=\"Field2\" required type=\"email\" value=\"\" placeholder=\"Votre courriel\" \/><\/div>\r\n<div class=\"col-sm-12\"><textarea name=\"Field3\" required placeholder=\"Votre message\"><\/textarea><\/div>\r\n<div class=\"hidden\"><input name=\"Field4\" type=\"text\" value=\"http:\/\/kmslaser.com\/fr\/wp-json\/wp\/v2\/pages\/16\"\/><\/div>\r\n<div class=\"hidden\"><input name=\"Field6\" type=\"text\" value=\"\" \/><\/div>\r\n<div class=\"hidden\"><input name=\"Field7\" type=\"text\" value=\"Something else\" \/><\/div>\r\n<div class=\"col-sm-12 text-center\"><input name=\"saveForm\" type=\"submit\" value=\"Soumettre\" \/><\/div>\r\n<div class=\"hidden\"><textarea id=\"comment\" cols=\"1\" name=\"comment\" rows=\"1\"><\/textarea>\r\n<input id=\"idstamp\" name=\"idstamp\" type=\"hidden\" value=\"ctHYRv3PPgU5QxYPmFVAyor6rt1A67ued3gb1t6GN0M=\" \/><\/div>\r\n<\/form><\/div><\/div><\/div>\n<\/div>\n<\/div>\n<\/div>","protected":false},"excerpt":{"rendered":"<p>About KMSLASER 8 years of manufacturer of different beauty machines Unique Design OEM&amp;ODM Available Drop shipping available Technical service provided Send Your Inquiry KMSLASER: Your Custom Beauty Machines Manufacturer We have 5 software engineers and 2 hardware engineers to meet your demand on customizing different beauty machines. We have factory to support you on before [&hellip;]<\/p>\n","protected":false},"author":1,"featured_media":0,"parent":0,"menu_order":2,"comment_status":"closed","ping_status":"closed","template":"","meta":{"_acf_changed":false,"site-sidebar-layout":"no-sidebar","site-content-layout":"page-builder","ast-site-content-layout":"default","site-content-style":"default","site-sidebar-style":"default","ast-global-header-display":"","ast-banner-title-visibility":"","ast-main-header-display":"","ast-hfb-above-header-display":"","ast-hfb-below-header-display":"","ast-hfb-mobile-header-display":"","site-post-title":"disabled","ast-breadcrumbs-content":"disabled","ast-featured-img":"disabled","footer-sml-layout":"","ast-disable-related-posts":"","theme-transparent-header-meta":"","adv-header-id-meta":null,"stick-header-meta":"","header-above-stick-meta":null,"header-main-stick-meta":"","header-below-stick-meta":null,"astra-migrate-meta-layouts":"default","ast-page-background-enabled":"default","ast-page-background-meta":{"desktop":{"background-color":"","background-image":"","background-repeat":"repeat","background-position":"center center","background-size":"auto","background-attachment":"scroll","background-type":"","background-media":"","overlay-type":"","overlay-color":"","overlay-opacity":"","overlay-gradient":""},"tablet":{"background-color":"","background-image":"","background-repeat":"repeat","background-position":"center center","background-size":"auto","background-attachment":"scroll","background-type":"","background-media":"","overlay-type":"","overlay-color":"","overlay-opacity":"","overlay-gradient":""},"mobile":{"background-color":"","background-image":"","background-repeat":"repeat","background-position":"center center","background-size":"auto","background-attachment":"scroll","background-type":"","background-media":"","overlay-type":"","overlay-color":"","overlay-opacity":"","overlay-gradient":""}},"ast-content-background-meta":{"desktop":{"background-color":"var(--ast-global-color-5)","background-image":"","background-repeat":"repeat","background-position":"center center","background-size":"auto","background-attachment":"scroll","background-type":"","background-media":"","overlay-type":"","overlay-color":"","overlay-opacity":"","overlay-gradient":""},"tablet":{"background-color":"var(--ast-global-color-5)","background-image":"","background-repeat":"repeat","background-position":"center center","background-size":"auto","background-attachment":"scroll","background-type":"","background-media":"","overlay-type":"","overlay-color":"","overlay-opacity":"","overlay-gradient":""},"mobile":{"background-color":"var(--ast-global-color-5)","background-image":"","background-repeat":"repeat","background-position":"center center","background-size":"auto","background-attachment":"scroll","background-type":"","background-media":"","overlay-type":"","overlay-color":"","overlay-opacity":"","overlay-gradient":""}},"footnotes":""},"class_list":["post-16","page","type-page","status-publish","hentry"],"acf":[],"yoast_head":"<!-- This site is optimized with the Yoast SEO Premium plugin v27.0 (Yoast SEO v27.5) - https:\/\/yoast.com\/product\/yoast-seo-premium-wordpress\/ -->\n<title>About - KMSLaser<\/title>\n<meta name=\"robots\" content=\"index, follow, max-snippet:-1, max-image-preview:large, max-video-preview:-1\" \/>\n<link rel=\"canonical\" href=\"https:\/\/kmslaser.com\/fr\/a-propos-de\/\" \/>\n<meta property=\"og:locale\" content=\"fr_FR\" \/>\n<meta property=\"og:type\" content=\"article\" \/>\n<meta property=\"og:title\" content=\"About\" \/>\n<meta property=\"og:description\" content=\"About KMSLASER 8 years of manufacturer of different beauty machines Unique Design OEM&amp;ODM Available Drop shipping available Technical service provided Send Your Inquiry KMSLASER: Your Custom Beauty Machines Manufacturer We have 5 software engineers and 2 hardware engineers to meet your demand on customizing different beauty machines. We have factory to support you on before [&hellip;]\" \/>\n<meta property=\"og:url\" content=\"https:\/\/kmslaser.com\/fr\/a-propos-de\/\" \/>\n<meta property=\"og:site_name\" content=\"KMSLaser\" \/>\n<meta property=\"article:modified_time\" content=\"2022-02-22T07:59:45+00:00\" \/>\n<meta property=\"og:image\" content=\"https:\/\/kmslaser.com\/wp-content\/uploads\/2020\/05\/EMS_Fitness_machine.jpeg\" \/>\n<meta name=\"twitter:card\" content=\"summary_large_image\" \/>\n<meta name=\"twitter:label1\" content=\"Dur\u00e9e de lecture estim\u00e9e\" \/>\n\t<meta name=\"twitter:data1\" content=\"2 minutes\" \/>\n<!-- \/ Yoast SEO Premium plugin. -->","yoast_head_json":{"title":"\u00c0 propos - KMSLaser","robots":{"index":"index","follow":"follow","max-snippet":"max-snippet:-1","max-image-preview":"max-image-preview:large","max-video-preview":"max-video-preview:-1"},"canonical":"https:\/\/kmslaser.com\/fr\/a-propos-de\/","og_locale":"fr_FR","og_type":"article","og_title":"About","og_description":"About KMSLASER 8 years of manufacturer of different beauty machines Unique Design OEM&amp;ODM Available Drop shipping available Technical service provided Send Your Inquiry KMSLASER: Your Custom Beauty Machines Manufacturer We have 5 software engineers and 2 hardware engineers to meet your demand on customizing different beauty machines. We have factory to support you on before [&hellip;]","og_url":"https:\/\/kmslaser.com\/fr\/a-propos-de\/","og_site_name":"KMSLaser","article_modified_time":"2022-02-22T07:59:45+00:00","og_image":[{"url":"https:\/\/kmslaser.com\/wp-content\/uploads\/2020\/05\/EMS_Fitness_machine.jpeg","type":"","width":"","height":""}],"twitter_card":"summary_large_image","twitter_misc":{"Dur\u00e9e de lecture estim\u00e9e":"2 minutes"},"schema":{"@context":"https:\/\/schema.org","@graph":[{"@type":"WebPage","@id":"https:\/\/kmslaser.com\/about\/","url":"https:\/\/kmslaser.com\/about\/","name":"\u00c0 propos - KMSLaser","isPartOf":{"@id":"https:\/\/kmslaser.com\/#website"},"datePublished":"2020-02-19T07:00:09+00:00","dateModified":"2022-02-22T07:59:45+00:00","breadcrumb":{"@id":"https:\/\/kmslaser.com\/about\/#breadcrumb"},"inLanguage":"fr-FR","potentialAction":[{"@type":"ReadAction","target":["https:\/\/kmslaser.com\/about\/"]}]},{"@type":"BreadcrumbList","@id":"https:\/\/kmslaser.com\/about\/#breadcrumb","itemListElement":[{"@type":"ListItem","position":1,"name":"Home","item":"https:\/\/kmslaser.com\/"},{"@type":"ListItem","position":2,"name":"About"}]},{"@type":"WebSite","@id":"https:\/\/kmslaser.com\/#website","url":"https:\/\/kmslaser.com\/","name":"KMSLaser","description":"","publisher":{"@id":"https:\/\/kmslaser.com\/#organization"},"potentialAction":[{"@type":"SearchAction","target":{"@type":"EntryPoint","urlTemplate":"https:\/\/kmslaser.com\/?s={search_term_string}"},"query-input":{"@type":"PropertyValueSpecification","valueRequired":true,"valueName":"search_term_string"}}],"inLanguage":"fr-FR"},{"@type":"Organization","@id":"https:\/\/kmslaser.com\/#organization","name":"KMSLaser","url":"https:\/\/kmslaser.com\/","logo":{"@type":"ImageObject","inLanguage":"fr-FR","@id":"https:\/\/kmslaser.com\/#\/schema\/logo\/image\/","url":"https:\/\/kmslaser.com\/wp-content\/uploads\/2020\/02\/logo.png","contentUrl":"https:\/\/kmslaser.com\/wp-content\/uploads\/2020\/02\/logo.png","width":180,"height":71,"caption":"KMSLaser"},"image":{"@id":"https:\/\/kmslaser.com\/#\/schema\/logo\/image\/"}}]}},"_links":{"self":[{"href":"https:\/\/kmslaser.com\/fr\/wp-json\/wp\/v2\/pages\/16","targetHints":{"allow":["GET"]}}],"collection":[{"href":"https:\/\/kmslaser.com\/fr\/wp-json\/wp\/v2\/pages"}],"about":[{"href":"https:\/\/kmslaser.com\/fr\/wp-json\/wp\/v2\/types\/page"}],"author":[{"embeddable":true,"href":"https:\/\/kmslaser.com\/fr\/wp-json\/wp\/v2\/users\/1"}],"replies":[{"embeddable":true,"href":"https:\/\/kmslaser.com\/fr\/wp-json\/wp\/v2\/comments?post=16"}],"version-history":[{"count":0,"href":"https:\/\/kmslaser.com\/fr\/wp-json\/wp\/v2\/pages\/16\/revisions"}],"wp:attachment":[{"href":"https:\/\/kmslaser.com\/fr\/wp-json\/wp\/v2\/media?parent=16"}],"curies":[{"name":"wp","href":"https:\/\/api.w.org\/{rel}","templated":true}]}}