{"id":7828,"date":"2024-06-15T03:03:24","date_gmt":"2024-06-15T03:03:24","guid":{"rendered":"https:\/\/kmslaser.com\/?page_id=7828"},"modified":"2024-07-23T07:14:29","modified_gmt":"2024-07-23T07:14:29","slug":"terapia-de-ondas-de-choque-ed-masajeador-masajeador-corporal","status":"publish","type":"page","link":"https:\/\/kmslaser.com\/es\/shock-wave-therapy-ed-massager-body-massager\/","title":{"rendered":"Masajeador corporal para la disfunci\u00f3n er\u00e9ctil con terapia de ondas de choque"},"content":{"rendered":"","protected":false},"excerpt":{"rendered":"","protected":false},"author":1,"featured_media":0,"parent":0,"menu_order":0,"comment_status":"closed","ping_status":"closed","template":"product-details.php","meta":{"_acf_changed":false,"site-sidebar-layout":"no-sidebar","site-content-layout":"page-builder","ast-site-content-layout":"full-width-container","site-content-style":"unboxed","site-sidebar-style":"unboxed","ast-global-header-display":"","ast-banner-title-visibility":"","ast-main-header-display":"","ast-hfb-above-header-display":"","ast-hfb-below-header-display":"","ast-hfb-mobile-header-display":"","site-post-title":"disabled","ast-breadcrumbs-content":"disabled","ast-featured-img":"disabled","footer-sml-layout":"","ast-disable-related-posts":"","theme-transparent-header-meta":"default","adv-header-id-meta":null,"stick-header-meta":"default","header-above-stick-meta":null,"header-main-stick-meta":"","header-below-stick-meta":null,"astra-migrate-meta-layouts":"set","ast-page-background-enabled":"default","ast-page-background-meta":{"desktop":{"background-color":"","background-image":"","background-repeat":"repeat","background-position":"center center","background-size":"auto","background-attachment":"scroll","background-type":"","background-media":"","overlay-type":"","overlay-color":"","overlay-opacity":"","overlay-gradient":""},"tablet":{"background-color":"","background-image":"","background-repeat":"repeat","background-position":"center center","background-size":"auto","background-attachment":"scroll","background-type":"","background-media":"","overlay-type":"","overlay-color":"","overlay-opacity":"","overlay-gradient":""},"mobile":{"background-color":"","background-image":"","background-repeat":"repeat","background-position":"center center","background-size":"auto","background-attachment":"scroll","background-type":"","background-media":"","overlay-type":"","overlay-color":"","overlay-opacity":"","overlay-gradient":""}},"ast-content-background-meta":{"desktop":{"background-color":"var(--ast-global-color-5)","background-image":"","background-repeat":"repeat","background-position":"center center","background-size":"auto","background-attachment":"scroll","background-type":"","background-media":"","overlay-type":"","overlay-color":"","overlay-opacity":"","overlay-gradient":""},"tablet":{"background-color":"var(--ast-global-color-5)","background-image":"","background-repeat":"repeat","background-position":"center center","background-size":"auto","background-attachment":"scroll","background-type":"","background-media":"","overlay-type":"","overlay-color":"","overlay-opacity":"","overlay-gradient":""},"mobile":{"background-color":"var(--ast-global-color-5)","background-image":"","background-repeat":"repeat","background-position":"center center","background-size":"auto","background-attachment":"scroll","background-type":"","background-media":"","overlay-type":"","overlay-color":"","overlay-opacity":"","overlay-gradient":""}},"footnotes":""},"class_list":["post-7828","page","type-page","status-publish","hentry"],"acf":[],"yoast_head":"<!-- This site is optimized with the Yoast SEO Premium plugin v27.0 (Yoast SEO v27.5) - https:\/\/yoast.com\/product\/yoast-seo-premium-wordpress\/ -->\n<title>2 in 1 Laser Weight Loss Magnetic Therapy Machine<\/title>\n<meta name=\"description\" content=\"Physical Magnetic Therapy Pulse Superconduction PMST Wave Infrared Magnetic Therapy Machine\" \/>\n<meta name=\"robots\" content=\"index, follow, max-snippet:-1, max-image-preview:large, max-video-preview:-1\" \/>\n<link rel=\"canonical\" href=\"https:\/\/kmslaser.com\/es\/terapia-de-ondas-de-choque-ed-masajeador-masajeador-corporal\/\" \/>\n<meta property=\"og:locale\" content=\"es_MX\" \/>\n<meta property=\"og:type\" content=\"article\" \/>\n<meta property=\"og:title\" content=\"Shock Wave Therapy ED Massager Body Massager\" \/>\n<meta property=\"og:description\" content=\"Physical Magnetic Therapy Pulse Superconduction PMST Wave Infrared Magnetic Therapy Machine\" \/>\n<meta property=\"og:url\" content=\"https:\/\/kmslaser.com\/es\/terapia-de-ondas-de-choque-ed-masajeador-masajeador-corporal\/\" \/>\n<meta property=\"og:site_name\" content=\"KMSLaser\" \/>\n<meta property=\"article:modified_time\" content=\"2024-07-23T07:14:29+00:00\" \/>\n<meta name=\"twitter:card\" content=\"summary_large_image\" \/>\n<!-- \/ Yoast SEO Premium plugin. -->","yoast_head_json":{"title":"M\u00e1quina de terapia magn\u00e9tica para bajar de peso con l\u00e1ser 2 en 1","description":"Terapia magn\u00e9tica f\u00edsica pulso superconducci\u00f3n onda PMST m\u00e1quina de terapia magn\u00e9tica infrarroja","robots":{"index":"index","follow":"follow","max-snippet":"max-snippet:-1","max-image-preview":"max-image-preview:large","max-video-preview":"max-video-preview:-1"},"canonical":"https:\/\/kmslaser.com\/es\/terapia-de-ondas-de-choque-ed-masajeador-masajeador-corporal\/","og_locale":"es_MX","og_type":"article","og_title":"Shock Wave Therapy ED Massager Body Massager","og_description":"Physical Magnetic Therapy Pulse Superconduction PMST Wave Infrared Magnetic Therapy Machine","og_url":"https:\/\/kmslaser.com\/es\/terapia-de-ondas-de-choque-ed-masajeador-masajeador-corporal\/","og_site_name":"KMSLaser","article_modified_time":"2024-07-23T07:14:29+00:00","twitter_card":"summary_large_image","schema":{"@context":"https:\/\/schema.org","@graph":[{"@type":"WebPage","@id":"https:\/\/kmslaser.com\/shock-wave-therapy-ed-massager-body-massager\/","url":"https:\/\/kmslaser.com\/shock-wave-therapy-ed-massager-body-massager\/","name":"M\u00e1quina de terapia magn\u00e9tica para bajar de peso con l\u00e1ser 2 en 1","isPartOf":{"@id":"https:\/\/kmslaser.com\/#website"},"datePublished":"2024-06-15T03:03:24+00:00","dateModified":"2024-07-23T07:14:29+00:00","description":"Terapia magn\u00e9tica f\u00edsica pulso superconducci\u00f3n onda PMST m\u00e1quina de terapia magn\u00e9tica infrarroja","breadcrumb":{"@id":"https:\/\/kmslaser.com\/shock-wave-therapy-ed-massager-body-massager\/#breadcrumb"},"inLanguage":"es","potentialAction":[{"@type":"ReadAction","target":["https:\/\/kmslaser.com\/shock-wave-therapy-ed-massager-body-massager\/"]}]},{"@type":"BreadcrumbList","@id":"https:\/\/kmslaser.com\/shock-wave-therapy-ed-massager-body-massager\/#breadcrumb","itemListElement":[{"@type":"ListItem","position":1,"name":"Home","item":"https:\/\/kmslaser.com\/"},{"@type":"ListItem","position":2,"name":"Shock Wave Therapy ED Massager Body Massager"}]},{"@type":"WebSite","@id":"https:\/\/kmslaser.com\/#website","url":"https:\/\/kmslaser.com\/","name":"KMSLaser","description":"","publisher":{"@id":"https:\/\/kmslaser.com\/#organization"},"potentialAction":[{"@type":"SearchAction","target":{"@type":"EntryPoint","urlTemplate":"https:\/\/kmslaser.com\/?s={search_term_string}"},"query-input":{"@type":"PropertyValueSpecification","valueRequired":true,"valueName":"search_term_string"}}],"inLanguage":"es"},{"@type":"Organization","@id":"https:\/\/kmslaser.com\/#organization","name":"KMSLaser","url":"https:\/\/kmslaser.com\/","logo":{"@type":"ImageObject","inLanguage":"es","@id":"https:\/\/kmslaser.com\/#\/schema\/logo\/image\/","url":"https:\/\/kmslaser.com\/wp-content\/uploads\/2020\/02\/logo.png","contentUrl":"https:\/\/kmslaser.com\/wp-content\/uploads\/2020\/02\/logo.png","width":180,"height":71,"caption":"KMSLaser"},"image":{"@id":"https:\/\/kmslaser.com\/#\/schema\/logo\/image\/"}}]}},"_links":{"self":[{"href":"https:\/\/kmslaser.com\/es\/wp-json\/wp\/v2\/pages\/7828","targetHints":{"allow":["GET"]}}],"collection":[{"href":"https:\/\/kmslaser.com\/es\/wp-json\/wp\/v2\/pages"}],"about":[{"href":"https:\/\/kmslaser.com\/es\/wp-json\/wp\/v2\/types\/page"}],"author":[{"embeddable":true,"href":"https:\/\/kmslaser.com\/es\/wp-json\/wp\/v2\/users\/1"}],"replies":[{"embeddable":true,"href":"https:\/\/kmslaser.com\/es\/wp-json\/wp\/v2\/comments?post=7828"}],"version-history":[{"count":0,"href":"https:\/\/kmslaser.com\/es\/wp-json\/wp\/v2\/pages\/7828\/revisions"}],"wp:attachment":[{"href":"https:\/\/kmslaser.com\/es\/wp-json\/wp\/v2\/media?parent=7828"}],"curies":[{"name":"wp","href":"https:\/\/api.w.org\/{rel}","templated":true}]}}