{"id":7596,"date":"2023-11-27T09:25:40","date_gmt":"2023-11-27T09:25:40","guid":{"rendered":"https:\/\/kmslaser.com\/?page_id=7596"},"modified":"2023-11-27T09:38:40","modified_gmt":"2023-11-27T09:38:40","slug":"maquina-de-endurecimiento-de-la-piel-por-cavitacion-de-40k","status":"publish","type":"page","link":"https:\/\/kmslaser.com\/es\/40k-cavitation-skin-tightening-machine\/","title":{"rendered":"M\u00e1quina de estiramiento cut\u00e1neo por cavitaci\u00f3n 40K"},"content":{"rendered":"","protected":false},"excerpt":{"rendered":"","protected":false},"author":1,"featured_media":0,"parent":0,"menu_order":0,"comment_status":"closed","ping_status":"closed","template":"product-details.php","meta":{"_acf_changed":false,"site-sidebar-layout":"no-sidebar","site-content-layout":"page-builder","ast-site-content-layout":"full-width-container","site-content-style":"unboxed","site-sidebar-style":"unboxed","ast-global-header-display":"","ast-banner-title-visibility":"","ast-main-header-display":"","ast-hfb-above-header-display":"","ast-hfb-below-header-display":"","ast-hfb-mobile-header-display":"","site-post-title":"disabled","ast-breadcrumbs-content":"disabled","ast-featured-img":"disabled","footer-sml-layout":"","ast-disable-related-posts":"","theme-transparent-header-meta":"default","adv-header-id-meta":null,"stick-header-meta":"default","header-above-stick-meta":null,"header-main-stick-meta":"","header-below-stick-meta":null,"astra-migrate-meta-layouts":"set","ast-page-background-enabled":"default","ast-page-background-meta":{"desktop":{"background-color":"","background-image":"","background-repeat":"repeat","background-position":"center center","background-size":"auto","background-attachment":"scroll","background-type":"","background-media":"","overlay-type":"","overlay-color":"","overlay-opacity":"","overlay-gradient":""},"tablet":{"background-color":"","background-image":"","background-repeat":"repeat","background-position":"center center","background-size":"auto","background-attachment":"scroll","background-type":"","background-media":"","overlay-type":"","overlay-color":"","overlay-opacity":"","overlay-gradient":""},"mobile":{"background-color":"","background-image":"","background-repeat":"repeat","background-position":"center center","background-size":"auto","background-attachment":"scroll","background-type":"","background-media":"","overlay-type":"","overlay-color":"","overlay-opacity":"","overlay-gradient":""}},"ast-content-background-meta":{"desktop":{"background-color":"var(--ast-global-color-5)","background-image":"","background-repeat":"repeat","background-position":"center center","background-size":"auto","background-attachment":"scroll","background-type":"","background-media":"","overlay-type":"","overlay-color":"","overlay-opacity":"","overlay-gradient":""},"tablet":{"background-color":"var(--ast-global-color-5)","background-image":"","background-repeat":"repeat","background-position":"center center","background-size":"auto","background-attachment":"scroll","background-type":"","background-media":"","overlay-type":"","overlay-color":"","overlay-opacity":"","overlay-gradient":""},"mobile":{"background-color":"var(--ast-global-color-5)","background-image":"","background-repeat":"repeat","background-position":"center center","background-size":"auto","background-attachment":"scroll","background-type":"","background-media":"","overlay-type":"","overlay-color":"","overlay-opacity":"","overlay-gradient":""}},"footnotes":""},"class_list":["post-7596","page","type-page","status-publish","hentry"],"acf":[],"yoast_head":"<!-- This site is optimized with the Yoast SEO Premium plugin v27.0 (Yoast SEO v27.5) - https:\/\/yoast.com\/product\/yoast-seo-premium-wordpress\/ -->\n<title>40k cavitation skin tightening machine<\/title>\n<meta name=\"description\" content=\"The 40K Cavitation Skin Tightening Machine is a highly effective skin tightening device that uses cavitation technology to non-invasively reshape skin, reduce wrinkles, and improve skin sagging.\" \/>\n<meta name=\"robots\" content=\"index, follow, max-snippet:-1, max-image-preview:large, max-video-preview:-1\" \/>\n<link rel=\"canonical\" href=\"https:\/\/kmslaser.com\/es\/maquina-de-endurecimiento-de-la-piel-por-cavitacion-de-40k\/\" \/>\n<meta property=\"og:locale\" content=\"es_MX\" \/>\n<meta property=\"og:type\" content=\"article\" \/>\n<meta property=\"og:title\" content=\"40K cavitation skin tightening machine\" \/>\n<meta property=\"og:description\" content=\"The 40K Cavitation Skin Tightening Machine is a highly effective skin tightening device that uses cavitation technology to non-invasively reshape skin, reduce wrinkles, and improve skin sagging.\" \/>\n<meta property=\"og:url\" content=\"https:\/\/kmslaser.com\/es\/maquina-de-endurecimiento-de-la-piel-por-cavitacion-de-40k\/\" \/>\n<meta property=\"og:site_name\" content=\"KMSLaser\" \/>\n<meta property=\"article:modified_time\" content=\"2023-11-27T09:38:40+00:00\" \/>\n<meta name=\"twitter:card\" content=\"summary_large_image\" \/>\n<!-- \/ Yoast SEO Premium plugin. -->","yoast_head_json":{"title":"M\u00e1quina de endurecimiento de la piel por cavitaci\u00f3n de 40k","description":"La m\u00e1quina de tensado de la piel por cavitaci\u00f3n de 40K es un dispositivo de tensado de la piel muy eficaz que utiliza tecnolog\u00eda de cavitaci\u00f3n para remodelar la piel de forma no invasiva, reducir las arrugas y mejorar la flacidez de la piel.","robots":{"index":"index","follow":"follow","max-snippet":"max-snippet:-1","max-image-preview":"max-image-preview:large","max-video-preview":"max-video-preview:-1"},"canonical":"https:\/\/kmslaser.com\/es\/maquina-de-endurecimiento-de-la-piel-por-cavitacion-de-40k\/","og_locale":"es_MX","og_type":"article","og_title":"40K cavitation skin tightening machine","og_description":"The 40K Cavitation Skin Tightening Machine is a highly effective skin tightening device that uses cavitation technology to non-invasively reshape skin, reduce wrinkles, and improve skin sagging.","og_url":"https:\/\/kmslaser.com\/es\/maquina-de-endurecimiento-de-la-piel-por-cavitacion-de-40k\/","og_site_name":"KMSLaser","article_modified_time":"2023-11-27T09:38:40+00:00","twitter_card":"summary_large_image","schema":{"@context":"https:\/\/schema.org","@graph":[{"@type":"WebPage","@id":"https:\/\/kmslaser.com\/40k-cavitation-skin-tightening-machine\/","url":"https:\/\/kmslaser.com\/40k-cavitation-skin-tightening-machine\/","name":"M\u00e1quina de endurecimiento de la piel por cavitaci\u00f3n de 40k","isPartOf":{"@id":"https:\/\/kmslaser.com\/#website"},"datePublished":"2023-11-27T09:25:40+00:00","dateModified":"2023-11-27T09:38:40+00:00","description":"La m\u00e1quina de tensado de la piel por cavitaci\u00f3n de 40K es un dispositivo de tensado de la piel muy eficaz que utiliza tecnolog\u00eda de cavitaci\u00f3n para remodelar la piel de forma no invasiva, reducir las arrugas y mejorar la flacidez de la piel.","breadcrumb":{"@id":"https:\/\/kmslaser.com\/40k-cavitation-skin-tightening-machine\/#breadcrumb"},"inLanguage":"es","potentialAction":[{"@type":"ReadAction","target":["https:\/\/kmslaser.com\/40k-cavitation-skin-tightening-machine\/"]}]},{"@type":"BreadcrumbList","@id":"https:\/\/kmslaser.com\/40k-cavitation-skin-tightening-machine\/#breadcrumb","itemListElement":[{"@type":"ListItem","position":1,"name":"Home","item":"https:\/\/kmslaser.com\/"},{"@type":"ListItem","position":2,"name":"40K cavitation skin tightening machine"}]},{"@type":"WebSite","@id":"https:\/\/kmslaser.com\/#website","url":"https:\/\/kmslaser.com\/","name":"KMSLaser","description":"","publisher":{"@id":"https:\/\/kmslaser.com\/#organization"},"potentialAction":[{"@type":"SearchAction","target":{"@type":"EntryPoint","urlTemplate":"https:\/\/kmslaser.com\/?s={search_term_string}"},"query-input":{"@type":"PropertyValueSpecification","valueRequired":true,"valueName":"search_term_string"}}],"inLanguage":"es"},{"@type":"Organization","@id":"https:\/\/kmslaser.com\/#organization","name":"KMSLaser","url":"https:\/\/kmslaser.com\/","logo":{"@type":"ImageObject","inLanguage":"es","@id":"https:\/\/kmslaser.com\/#\/schema\/logo\/image\/","url":"https:\/\/kmslaser.com\/wp-content\/uploads\/2020\/02\/logo.png","contentUrl":"https:\/\/kmslaser.com\/wp-content\/uploads\/2020\/02\/logo.png","width":180,"height":71,"caption":"KMSLaser"},"image":{"@id":"https:\/\/kmslaser.com\/#\/schema\/logo\/image\/"}}]}},"_links":{"self":[{"href":"https:\/\/kmslaser.com\/es\/wp-json\/wp\/v2\/pages\/7596","targetHints":{"allow":["GET"]}}],"collection":[{"href":"https:\/\/kmslaser.com\/es\/wp-json\/wp\/v2\/pages"}],"about":[{"href":"https:\/\/kmslaser.com\/es\/wp-json\/wp\/v2\/types\/page"}],"author":[{"embeddable":true,"href":"https:\/\/kmslaser.com\/es\/wp-json\/wp\/v2\/users\/1"}],"replies":[{"embeddable":true,"href":"https:\/\/kmslaser.com\/es\/wp-json\/wp\/v2\/comments?post=7596"}],"version-history":[{"count":0,"href":"https:\/\/kmslaser.com\/es\/wp-json\/wp\/v2\/pages\/7596\/revisions"}],"wp:attachment":[{"href":"https:\/\/kmslaser.com\/es\/wp-json\/wp\/v2\/media?parent=7596"}],"curies":[{"name":"wp","href":"https:\/\/api.w.org\/{rel}","templated":true}]}}