{"id":701,"date":"2020-05-04T05:53:29","date_gmt":"2020-05-04T05:53:29","guid":{"rendered":"https:\/\/kmslaser.com\/?page_id=701"},"modified":"2023-04-10T09:54:50","modified_gmt":"2023-04-10T09:54:50","slug":"maquina-de-tratamiento-de-ultrasonido-para-tendinitis-ultrashock","status":"publish","type":"page","link":"https:\/\/kmslaser.com\/es\/ultrasound-treatment-machine-for-tendonitis-ultrashock\/","title":{"rendered":"Aparato de tratamiento con ultrasonido para tendinitis Ultrashock"},"content":{"rendered":"","protected":false},"excerpt":{"rendered":"","protected":false},"author":1,"featured_media":0,"parent":0,"menu_order":1,"comment_status":"closed","ping_status":"closed","template":"product-details.php","meta":{"_acf_changed":false,"site-sidebar-layout":"no-sidebar","site-content-layout":"page-builder","ast-site-content-layout":"default","site-content-style":"default","site-sidebar-style":"default","ast-global-header-display":"","ast-banner-title-visibility":"","ast-main-header-display":"","ast-hfb-above-header-display":"","ast-hfb-below-header-display":"","ast-hfb-mobile-header-display":"","site-post-title":"disabled","ast-breadcrumbs-content":"disabled","ast-featured-img":"disabled","footer-sml-layout":"","ast-disable-related-posts":"","theme-transparent-header-meta":"default","adv-header-id-meta":null,"stick-header-meta":"default","header-above-stick-meta":null,"header-main-stick-meta":"","header-below-stick-meta":null,"astra-migrate-meta-layouts":"default","ast-page-background-enabled":"default","ast-page-background-meta":{"desktop":{"background-color":"","background-image":"","background-repeat":"repeat","background-position":"center center","background-size":"auto","background-attachment":"scroll","background-type":"","background-media":"","overlay-type":"","overlay-color":"","overlay-opacity":"","overlay-gradient":""},"tablet":{"background-color":"","background-image":"","background-repeat":"repeat","background-position":"center center","background-size":"auto","background-attachment":"scroll","background-type":"","background-media":"","overlay-type":"","overlay-color":"","overlay-opacity":"","overlay-gradient":""},"mobile":{"background-color":"","background-image":"","background-repeat":"repeat","background-position":"center center","background-size":"auto","background-attachment":"scroll","background-type":"","background-media":"","overlay-type":"","overlay-color":"","overlay-opacity":"","overlay-gradient":""}},"ast-content-background-meta":{"desktop":{"background-color":"var(--ast-global-color-5)","background-image":"","background-repeat":"repeat","background-position":"center center","background-size":"auto","background-attachment":"scroll","background-type":"","background-media":"","overlay-type":"","overlay-color":"","overlay-opacity":"","overlay-gradient":""},"tablet":{"background-color":"var(--ast-global-color-5)","background-image":"","background-repeat":"repeat","background-position":"center center","background-size":"auto","background-attachment":"scroll","background-type":"","background-media":"","overlay-type":"","overlay-color":"","overlay-opacity":"","overlay-gradient":""},"mobile":{"background-color":"var(--ast-global-color-5)","background-image":"","background-repeat":"repeat","background-position":"center center","background-size":"auto","background-attachment":"scroll","background-type":"","background-media":"","overlay-type":"","overlay-color":"","overlay-opacity":"","overlay-gradient":""}},"footnotes":""},"class_list":["post-701","page","type-page","status-publish","hentry"],"acf":[],"yoast_head":"<!-- This site is optimized with the Yoast SEO Premium plugin v27.0 (Yoast SEO v27.5) - https:\/\/yoast.com\/product\/yoast-seo-premium-wordpress\/ -->\n<title>Ultrasound Treatment Machine For Tendonitis -KMSLASER<\/title>\n<meta name=\"description\" content=\"New Come Ultrasound Treatment Machine For Tendonitis, Shockwave Therapy Machine For ED, ESWT shockwave therapy machine. Contact us for the best price.!\" \/>\n<meta name=\"robots\" content=\"index, follow, max-snippet:-1, max-image-preview:large, max-video-preview:-1\" \/>\n<link rel=\"canonical\" href=\"https:\/\/kmslaser.com\/es\/maquina-de-tratamiento-de-ultrasonido-para-tendinitis-ultrashock\/\" \/>\n<meta property=\"og:locale\" content=\"es_MX\" \/>\n<meta property=\"og:type\" content=\"article\" \/>\n<meta property=\"og:title\" content=\"Ultrasound Treatment Machine For Tendonitis Ultrashock\" \/>\n<meta property=\"og:description\" content=\"New Come Ultrasound Treatment Machine For Tendonitis, Shockwave Therapy Machine For ED, ESWT shockwave therapy machine. Contact us for the best price.!\" \/>\n<meta property=\"og:url\" content=\"https:\/\/kmslaser.com\/es\/maquina-de-tratamiento-de-ultrasonido-para-tendinitis-ultrashock\/\" \/>\n<meta property=\"og:site_name\" content=\"KMSLaser\" \/>\n<meta property=\"article:modified_time\" content=\"2023-04-10T09:54:50+00:00\" \/>\n<meta name=\"twitter:card\" content=\"summary_large_image\" \/>\n<!-- \/ Yoast SEO Premium plugin. -->","yoast_head_json":{"title":"M\u00e1quina de tratamiento de ultrasonido para tendinitis -KMSLASER","description":"M\u00e1quina de tratamiento de ultrasonido de nueva llegada para tendinitis, m\u00e1quina de terapia de ondas de choque para disfunci\u00f3n er\u00e9ctil, m\u00e1quina de terapia de ondas de choque ESWT. \u00a1Cont\u00e1ctenos para obtener el mejor precio!","robots":{"index":"index","follow":"follow","max-snippet":"max-snippet:-1","max-image-preview":"max-image-preview:large","max-video-preview":"max-video-preview:-1"},"canonical":"https:\/\/kmslaser.com\/es\/maquina-de-tratamiento-de-ultrasonido-para-tendinitis-ultrashock\/","og_locale":"es_MX","og_type":"article","og_title":"Ultrasound Treatment Machine For Tendonitis Ultrashock","og_description":"New Come Ultrasound Treatment Machine For Tendonitis, Shockwave Therapy Machine For ED, ESWT shockwave therapy machine. Contact us for the best price.!","og_url":"https:\/\/kmslaser.com\/es\/maquina-de-tratamiento-de-ultrasonido-para-tendinitis-ultrashock\/","og_site_name":"KMSLaser","article_modified_time":"2023-04-10T09:54:50+00:00","twitter_card":"summary_large_image","schema":{"@context":"https:\/\/schema.org","@graph":[{"@type":"WebPage","@id":"https:\/\/kmslaser.com\/ultrasound-treatment-machine-for-tendonitis-ultrashock\/","url":"https:\/\/kmslaser.com\/ultrasound-treatment-machine-for-tendonitis-ultrashock\/","name":"M\u00e1quina de tratamiento de ultrasonido para tendinitis -KMSLASER","isPartOf":{"@id":"https:\/\/kmslaser.com\/#website"},"datePublished":"2020-05-04T05:53:29+00:00","dateModified":"2023-04-10T09:54:50+00:00","description":"M\u00e1quina de tratamiento de ultrasonido de nueva llegada para tendinitis, m\u00e1quina de terapia de ondas de choque para disfunci\u00f3n er\u00e9ctil, m\u00e1quina de terapia de ondas de choque ESWT. \u00a1Cont\u00e1ctenos para obtener el mejor precio!","breadcrumb":{"@id":"https:\/\/kmslaser.com\/ultrasound-treatment-machine-for-tendonitis-ultrashock\/#breadcrumb"},"inLanguage":"es","potentialAction":[{"@type":"ReadAction","target":["https:\/\/kmslaser.com\/ultrasound-treatment-machine-for-tendonitis-ultrashock\/"]}]},{"@type":"BreadcrumbList","@id":"https:\/\/kmslaser.com\/ultrasound-treatment-machine-for-tendonitis-ultrashock\/#breadcrumb","itemListElement":[{"@type":"ListItem","position":1,"name":"Home","item":"https:\/\/kmslaser.com\/"},{"@type":"ListItem","position":2,"name":"Ultrasound Treatment Machine For Tendonitis Ultrashock"}]},{"@type":"WebSite","@id":"https:\/\/kmslaser.com\/#website","url":"https:\/\/kmslaser.com\/","name":"KMSLaser","description":"","publisher":{"@id":"https:\/\/kmslaser.com\/#organization"},"potentialAction":[{"@type":"SearchAction","target":{"@type":"EntryPoint","urlTemplate":"https:\/\/kmslaser.com\/?s={search_term_string}"},"query-input":{"@type":"PropertyValueSpecification","valueRequired":true,"valueName":"search_term_string"}}],"inLanguage":"es"},{"@type":"Organization","@id":"https:\/\/kmslaser.com\/#organization","name":"KMSLaser","url":"https:\/\/kmslaser.com\/","logo":{"@type":"ImageObject","inLanguage":"es","@id":"https:\/\/kmslaser.com\/#\/schema\/logo\/image\/","url":"https:\/\/kmslaser.com\/wp-content\/uploads\/2020\/02\/logo.png","contentUrl":"https:\/\/kmslaser.com\/wp-content\/uploads\/2020\/02\/logo.png","width":180,"height":71,"caption":"KMSLaser"},"image":{"@id":"https:\/\/kmslaser.com\/#\/schema\/logo\/image\/"}}]}},"_links":{"self":[{"href":"https:\/\/kmslaser.com\/es\/wp-json\/wp\/v2\/pages\/701","targetHints":{"allow":["GET"]}}],"collection":[{"href":"https:\/\/kmslaser.com\/es\/wp-json\/wp\/v2\/pages"}],"about":[{"href":"https:\/\/kmslaser.com\/es\/wp-json\/wp\/v2\/types\/page"}],"author":[{"embeddable":true,"href":"https:\/\/kmslaser.com\/es\/wp-json\/wp\/v2\/users\/1"}],"replies":[{"embeddable":true,"href":"https:\/\/kmslaser.com\/es\/wp-json\/wp\/v2\/comments?post=701"}],"version-history":[{"count":0,"href":"https:\/\/kmslaser.com\/es\/wp-json\/wp\/v2\/pages\/701\/revisions"}],"wp:attachment":[{"href":"https:\/\/kmslaser.com\/es\/wp-json\/wp\/v2\/media?parent=701"}],"curies":[{"name":"wp","href":"https:\/\/api.w.org\/{rel}","templated":true}]}}