{"id":5969,"date":"2022-11-11T01:57:42","date_gmt":"2022-11-11T01:57:42","guid":{"rendered":"https:\/\/kmslaser.com\/?page_id=5969"},"modified":"2023-09-08T01:05:44","modified_gmt":"2023-09-08T01:05:44","slug":"maquina-de-masaje-magnetico","status":"publish","type":"page","link":"https:\/\/kmslaser.com\/es\/magnetic-massage-machine\/","title":{"rendered":"Aparato de masaje magn\u00e9tico"},"content":{"rendered":"<p>4. 5. Tratamiento manos libres<br \/>\n5. Despu\u00e9s de colocar los dos aplicadores con el brazo de sujeci\u00f3n flexible, la terapia puede funcionar sin necesidad de la intervenci\u00f3n del terapeuta. No habr\u00e1 trabajo que consuma mano de obra.<br \/>\n6. La magneto y la terapia infrarroja pueden proporcionar a los clientes un tratamiento no doloroso, no invasivo pero efectivo. Los clientes est\u00e1n m\u00e1s dispuestos a completar todas las sesiones en esta terapia.<br \/>\n6.Tratamiento indoloro<br \/>\n7. El pulso magn\u00e9tico se puede transferir sobre la ropa. Los clientes no necesitan quitarse la ropa al tomar esta terapia.<br \/>\n8. Ayuda a evitar la verg\u00fcenza.<br \/>\n7.Tratamiento sin contacto<br \/>\n9. En PM-ST NEO, no hay consumibles. Lo que necesitamos hacer es mantener el sistema de refrigeraci\u00f3n por agua. Y el mantenimiento tambi\u00e9n es f\u00e1cil. Solo necesita cambiar el agua cada dos semanas.<br \/>\n10. PM-ST NEO adopta un sistema de refrigeraci\u00f3n por agua. Puede funcionar continuamente durante 8 horas sin p\u00e9rdida de energ\u00eda. Incluso si hay muchas reservas, no necesita preocuparse por las quejas de los clientes por largas esperas.<br \/>\n8.Sin consumibles<br \/>\n11. M\u00e1quina de masaje magn\u00e9tico-6<br \/>\n12. M\u00e1quina de masaje magn\u00e9tico-5.<br \/>\n9.Funcionamiento continuo<br \/>\nPM-ST NEO adopts water-cooled system. lt can work continuously for 8 hours without energy loss. Even though there are a<br \/>\nlot bookings, do not need to worry about customers\u2019 complaints for long waiting.<\/p>","protected":false},"excerpt":{"rendered":"<p>5.Hands-free treatment After two applicators are positioned with the flexible holding arm, the therapy can run without the need for the therapist&#8217;s intervention.There will be no labor-consumbing work. 6.Pain-free treatment Magneto and infrared therapy can provide clients&#8217; non-pain, non-invasive but effective treatment. Clients are more wiling to finish the whole sessions in this therapy. 7.Touch-free [&hellip;]<\/p>\n","protected":false},"author":1,"featured_media":0,"parent":0,"menu_order":0,"comment_status":"closed","ping_status":"closed","template":"product-details.php","meta":{"_acf_changed":false,"site-sidebar-layout":"no-sidebar","site-content-layout":"page-builder","ast-site-content-layout":"full-width-container","site-content-style":"unboxed","site-sidebar-style":"unboxed","ast-global-header-display":"","ast-banner-title-visibility":"","ast-main-header-display":"","ast-hfb-above-header-display":"","ast-hfb-below-header-display":"","ast-hfb-mobile-header-display":"","site-post-title":"disabled","ast-breadcrumbs-content":"disabled","ast-featured-img":"disabled","footer-sml-layout":"","ast-disable-related-posts":"","theme-transparent-header-meta":"default","adv-header-id-meta":null,"stick-header-meta":"default","header-above-stick-meta":null,"header-main-stick-meta":"","header-below-stick-meta":null,"astra-migrate-meta-layouts":"set","ast-page-background-enabled":"default","ast-page-background-meta":{"desktop":{"background-color":"","background-image":"","background-repeat":"repeat","background-position":"center center","background-size":"auto","background-attachment":"scroll","background-type":"","background-media":"","overlay-type":"","overlay-color":"","overlay-opacity":"","overlay-gradient":""},"tablet":{"background-color":"","background-image":"","background-repeat":"repeat","background-position":"center center","background-size":"auto","background-attachment":"scroll","background-type":"","background-media":"","overlay-type":"","overlay-color":"","overlay-opacity":"","overlay-gradient":""},"mobile":{"background-color":"","background-image":"","background-repeat":"repeat","background-position":"center center","background-size":"auto","background-attachment":"scroll","background-type":"","background-media":"","overlay-type":"","overlay-color":"","overlay-opacity":"","overlay-gradient":""}},"ast-content-background-meta":{"desktop":{"background-color":"var(--ast-global-color-5)","background-image":"","background-repeat":"repeat","background-position":"center center","background-size":"auto","background-attachment":"scroll","background-type":"","background-media":"","overlay-type":"","overlay-color":"","overlay-opacity":"","overlay-gradient":""},"tablet":{"background-color":"var(--ast-global-color-5)","background-image":"","background-repeat":"repeat","background-position":"center center","background-size":"auto","background-attachment":"scroll","background-type":"","background-media":"","overlay-type":"","overlay-color":"","overlay-opacity":"","overlay-gradient":""},"mobile":{"background-color":"var(--ast-global-color-5)","background-image":"","background-repeat":"repeat","background-position":"center center","background-size":"auto","background-attachment":"scroll","background-type":"","background-media":"","overlay-type":"","overlay-color":"","overlay-opacity":"","overlay-gradient":""}},"footnotes":""},"class_list":["post-5969","page","type-page","status-publish","hentry"],"acf":[],"yoast_head":"<!-- This site is optimized with the Yoast SEO Premium plugin v27.0 (Yoast SEO v27.5) - https:\/\/yoast.com\/product\/yoast-seo-premium-wordpress\/ -->\n<title>Air pressure Pressotherapy Machine|Pressotherapy Slimming Machine<\/title>\n<meta name=\"description\" content=\"KMSLAER is Leading Manufacturers &amp; Suppliers of Air Pressure Pressotherapy Machine. 2 Years Warranty, 16pcs Air bags, Ask a Quote Now!\" \/>\n<meta name=\"robots\" content=\"index, follow, max-snippet:-1, max-image-preview:large, max-video-preview:-1\" \/>\n<link rel=\"canonical\" href=\"https:\/\/kmslaser.com\/es\/maquina-de-masaje-magnetico\/\" \/>\n<meta property=\"og:locale\" content=\"es_MX\" \/>\n<meta property=\"og:type\" content=\"article\" \/>\n<meta property=\"og:title\" content=\"Magnetic massage machine\" \/>\n<meta property=\"og:description\" content=\"KMSLAER is Leading Manufacturers &amp; Suppliers of Air Pressure Pressotherapy Machine. 2 Years Warranty, 16pcs Air bags, Ask a Quote Now!\" \/>\n<meta property=\"og:url\" content=\"https:\/\/kmslaser.com\/es\/maquina-de-masaje-magnetico\/\" \/>\n<meta property=\"og:site_name\" content=\"KMSLaser\" \/>\n<meta property=\"article:modified_time\" content=\"2023-09-08T01:05:44+00:00\" \/>\n<meta name=\"twitter:card\" content=\"summary_large_image\" \/>\n<meta name=\"twitter:label1\" content=\"Tiempo de lectura\" \/>\n\t<meta name=\"twitter:data1\" content=\"1 minuto\" \/>\n<!-- \/ Yoast SEO Premium plugin. -->","yoast_head_json":{"title":"M\u00e1quina de presoterapia por aire|M\u00e1quina de adelgazamiento por presoterapia","description":"KMSLAER es Fabricantes y Proveedores L\u00edderes de M\u00e1quinas de Presoterapia de Presi\u00f3n de Aire. 2 A\u00f1os de Garant\u00eda, 16 Bolsas de Aire, \u00a1Solicite un Presupuesto Ahora!","robots":{"index":"index","follow":"follow","max-snippet":"max-snippet:-1","max-image-preview":"max-image-preview:large","max-video-preview":"max-video-preview:-1"},"canonical":"https:\/\/kmslaser.com\/es\/maquina-de-masaje-magnetico\/","og_locale":"es_MX","og_type":"article","og_title":"Magnetic massage machine","og_description":"KMSLAER is Leading Manufacturers & Suppliers of Air Pressure Pressotherapy Machine. 2 Years Warranty, 16pcs Air bags, Ask a Quote Now!","og_url":"https:\/\/kmslaser.com\/es\/maquina-de-masaje-magnetico\/","og_site_name":"KMSLaser","article_modified_time":"2023-09-08T01:05:44+00:00","twitter_card":"summary_large_image","twitter_misc":{"Tiempo de lectura":"1 minuto"},"schema":{"@context":"https:\/\/schema.org","@graph":[{"@type":"WebPage","@id":"https:\/\/kmslaser.com\/magnetic-massage-machine\/","url":"https:\/\/kmslaser.com\/magnetic-massage-machine\/","name":"M\u00e1quina de presoterapia por aire|M\u00e1quina de adelgazamiento por presoterapia","isPartOf":{"@id":"https:\/\/kmslaser.com\/#website"},"datePublished":"2022-11-11T01:57:42+00:00","dateModified":"2023-09-08T01:05:44+00:00","description":"KMSLAER es Fabricantes y Proveedores L\u00edderes de M\u00e1quinas de Presoterapia de Presi\u00f3n de Aire. 2 A\u00f1os de Garant\u00eda, 16 Bolsas de Aire, \u00a1Solicite un Presupuesto Ahora!","breadcrumb":{"@id":"https:\/\/kmslaser.com\/magnetic-massage-machine\/#breadcrumb"},"inLanguage":"es","potentialAction":[{"@type":"ReadAction","target":["https:\/\/kmslaser.com\/magnetic-massage-machine\/"]}]},{"@type":"BreadcrumbList","@id":"https:\/\/kmslaser.com\/magnetic-massage-machine\/#breadcrumb","itemListElement":[{"@type":"ListItem","position":1,"name":"Home","item":"https:\/\/kmslaser.com\/"},{"@type":"ListItem","position":2,"name":"Magnetic massage machine"}]},{"@type":"WebSite","@id":"https:\/\/kmslaser.com\/#website","url":"https:\/\/kmslaser.com\/","name":"KMSLaser","description":"","publisher":{"@id":"https:\/\/kmslaser.com\/#organization"},"potentialAction":[{"@type":"SearchAction","target":{"@type":"EntryPoint","urlTemplate":"https:\/\/kmslaser.com\/?s={search_term_string}"},"query-input":{"@type":"PropertyValueSpecification","valueRequired":true,"valueName":"search_term_string"}}],"inLanguage":"es"},{"@type":"Organization","@id":"https:\/\/kmslaser.com\/#organization","name":"KMSLaser","url":"https:\/\/kmslaser.com\/","logo":{"@type":"ImageObject","inLanguage":"es","@id":"https:\/\/kmslaser.com\/#\/schema\/logo\/image\/","url":"https:\/\/kmslaser.com\/wp-content\/uploads\/2020\/02\/logo.png","contentUrl":"https:\/\/kmslaser.com\/wp-content\/uploads\/2020\/02\/logo.png","width":180,"height":71,"caption":"KMSLaser"},"image":{"@id":"https:\/\/kmslaser.com\/#\/schema\/logo\/image\/"}}]}},"_links":{"self":[{"href":"https:\/\/kmslaser.com\/es\/wp-json\/wp\/v2\/pages\/5969","targetHints":{"allow":["GET"]}}],"collection":[{"href":"https:\/\/kmslaser.com\/es\/wp-json\/wp\/v2\/pages"}],"about":[{"href":"https:\/\/kmslaser.com\/es\/wp-json\/wp\/v2\/types\/page"}],"author":[{"embeddable":true,"href":"https:\/\/kmslaser.com\/es\/wp-json\/wp\/v2\/users\/1"}],"replies":[{"embeddable":true,"href":"https:\/\/kmslaser.com\/es\/wp-json\/wp\/v2\/comments?post=5969"}],"version-history":[{"count":0,"href":"https:\/\/kmslaser.com\/es\/wp-json\/wp\/v2\/pages\/5969\/revisions"}],"wp:attachment":[{"href":"https:\/\/kmslaser.com\/es\/wp-json\/wp\/v2\/media?parent=5969"}],"curies":[{"name":"wp","href":"https:\/\/api.w.org\/{rel}","templated":true}]}}