{"id":28,"date":"2020-02-19T07:02:06","date_gmt":"2020-02-19T07:02:06","guid":{"rendered":"https:\/\/kmslaser.com\/?page_id=28"},"modified":"2022-02-22T07:59:46","modified_gmt":"2022-02-22T07:59:46","slug":"contactanos","status":"publish","type":"page","link":"https:\/\/kmslaser.com\/es\/contact-us\/","title":{"rendered":"Cont\u00e1ctenos"},"content":{"rendered":"<div class=\"bannerWraper contactBanner\">\n<div class=\"bannerImage\"><\/div>\n<div class=\"container\">\n<div class=\"row\">\n<div class=\"bannerContent\">\n<div class=\"bannerHeading clrWhite\">Tu M\u00e1quina de Belleza a Medida<br \/>\nEmpieza Aqu\u00ed<\/div>\n<\/div>\n<\/div>\n<\/div>\n<\/div>\n<div class=\"contactSection paddBottom90\">\n<div class=\"container\">\n<div class=\"row cust-row text-center\">\n<div class=\"contactWrapper\">\n<div class=\"row paddBottom85\">\n<div class=\"col-sm-12\">\n<div class=\"contactHeading\">Contacta con KMSlaser para tu Pr\u00f3ximo Pedido de M\u00e1quinas de Belleza<\/div>\n<\/div>\n<\/div>\n<div class=\"row\">\n<div class=\"col-sm-12 col-md-6 col-lg-6\">\n<div class=\"contactPageForm\"><div id=\"custom_html-6\" class=\"widget_text widget-container widget_custom_html\"><div class=\"textwidget custom-html-widget\"><form action=\"https:\/\/gznewbelle.wufoo.com\/forms\/z8jntpu01jlvhd\/#public\" method=\"post\" name=\"form1\">\r\n<input name=\"Field1\" required type=\"text\" value=\"\" placeholder=\"Nombre*\" \/>\r\n<input name=\"Field2\" required type=\"email\" value=\"\" placeholder=\"Correo electr\u00f3nico*\" \/>\r\n<textarea name=\"Field3\" required placeholder=\"\u00bfC\u00f3mo podemos ayudarle?\"><\/textarea>\r\n<div class=\"hidden\"><input name=\"Field4\" type=\"text\" value=\"http:\/\/kmslaser.com\/es\/wp-json\/wp\/v2\/pages\/28\"\/><\/div>\r\n<div class=\"hidden\"><input name=\"Field6\" type=\"text\" value=\"\" \/><\/div>\r\n<div class=\"hidden\"><input name=\"Field7\" type=\"text\" value=\"Something else\" \/><\/div><div class=\"text-right\"><input name=\"saveForm\" type=\"submit\" value=\"Enviar\" \/><\/div>\r\n<div class=\"hidden\"><textarea id=\"comment\" cols=\"1\" name=\"comment\" rows=\"1\"><\/textarea>\r\n<input id=\"idstamp\" name=\"idstamp\" type=\"hidden\" value=\"ctHYRv3PPgU5QxYPmFVAyor6rt1A67ued3gb1t6GN0M=\" \/><\/div>\r\n<\/form><\/div><\/div><\/div>\n<\/div>\n<div class=\"col-sm-12 col-md-6 col-lg-offset-1 col-lg-5 text-center responsiveMargin\">\n<div class=\"contactDetailsWrapper\">\n<div class=\"contactDetailsBox\">\n<ul>\n<li class=\"email\"><a href=\"mailto:in**@******er.com\" data-original-string=\"3DbbU1o3D8jEqzO7iHcZyQ==398O7DkRl8SlaqZ1DKkMXkFkDLQNIyoWHWBNl0bYEqAdPw=\" title=\"This contact has been encoded by Anti-Spam by CleanTalk. Click to decode. To finish the decoding make sure that JavaScript is enabled in your browser.\"><span \n                data-original-string='AuhRKqWtluf\/cInlw3Pebg==398YacfAl80jbfkQuwKvFAJVNr6z2eHRjMlN2eXimktW2Q='\n                class='apbct-email-encoder'\n                title='This contact has been encoded by Anti-Spam by CleanTalk. Click to decode. To finish the decoding make sure that JavaScript is enabled in your browser.'>en<span class=\"apbct-blur\">**<\/span>@<span class=\"apbct-blur\">******<\/span>er.com<\/span><\/a><\/li>\n<li class=\"phone\">+86 020 3451 7151<\/li>\n<li class=\"whatsapp\">+86 18676839070<\/li>\n<li class=\"address\">Direcci\u00f3n<\/li>\n<\/ul>\n<\/div>\n<div class=\"locationImg\"><img decoding=\"async\" class=\"img-responsive\" src=\"\/wp-content\/uploads\/2020\/03\/locationImg.jpg\" \/><\/div>\n<\/div>\n<\/div>\n<\/div>\n<\/div>\n<\/div>\n<\/div>\n<\/div>","protected":false},"excerpt":{"rendered":"<p>Tu M\u00e1quina de Belleza a Medida Empieza Aqu\u00ed Contacta con KMSlaser para tu Pr\u00f3ximo Pedido de M\u00e1quinas de Belleza en **@******er.com +86 020 3451 7151 +86 18676839070 Direcci\u00f3n<\/p>","protected":false},"author":1,"featured_media":0,"parent":0,"menu_order":7,"comment_status":"closed","ping_status":"closed","template":"","meta":{"_acf_changed":false,"site-sidebar-layout":"no-sidebar","site-content-layout":"page-builder","ast-site-content-layout":"default","site-content-style":"default","site-sidebar-style":"default","ast-global-header-display":"","ast-banner-title-visibility":"","ast-main-header-display":"","ast-hfb-above-header-display":"","ast-hfb-below-header-display":"","ast-hfb-mobile-header-display":"","site-post-title":"disabled","ast-breadcrumbs-content":"disabled","ast-featured-img":"disabled","footer-sml-layout":"","ast-disable-related-posts":"","theme-transparent-header-meta":"","adv-header-id-meta":null,"stick-header-meta":"","header-above-stick-meta":null,"header-main-stick-meta":"","header-below-stick-meta":null,"astra-migrate-meta-layouts":"default","ast-page-background-enabled":"default","ast-page-background-meta":{"desktop":{"background-color":"","background-image":"","background-repeat":"repeat","background-position":"center center","background-size":"auto","background-attachment":"scroll","background-type":"","background-media":"","overlay-type":"","overlay-color":"","overlay-opacity":"","overlay-gradient":""},"tablet":{"background-color":"","background-image":"","background-repeat":"repeat","background-position":"center center","background-size":"auto","background-attachment":"scroll","background-type":"","background-media":"","overlay-type":"","overlay-color":"","overlay-opacity":"","overlay-gradient":""},"mobile":{"background-color":"","background-image":"","background-repeat":"repeat","background-position":"center center","background-size":"auto","background-attachment":"scroll","background-type":"","background-media":"","overlay-type":"","overlay-color":"","overlay-opacity":"","overlay-gradient":""}},"ast-content-background-meta":{"desktop":{"background-color":"var(--ast-global-color-5)","background-image":"","background-repeat":"repeat","background-position":"center center","background-size":"auto","background-attachment":"scroll","background-type":"","background-media":"","overlay-type":"","overlay-color":"","overlay-opacity":"","overlay-gradient":""},"tablet":{"background-color":"var(--ast-global-color-5)","background-image":"","background-repeat":"repeat","background-position":"center center","background-size":"auto","background-attachment":"scroll","background-type":"","background-media":"","overlay-type":"","overlay-color":"","overlay-opacity":"","overlay-gradient":""},"mobile":{"background-color":"var(--ast-global-color-5)","background-image":"","background-repeat":"repeat","background-position":"center center","background-size":"auto","background-attachment":"scroll","background-type":"","background-media":"","overlay-type":"","overlay-color":"","overlay-opacity":"","overlay-gradient":""}},"footnotes":""},"class_list":["post-28","page","type-page","status-publish","hentry"],"acf":[],"yoast_head":"<!-- This site is optimized with the Yoast SEO Premium plugin v27.0 (Yoast SEO v27.5) - https:\/\/yoast.com\/product\/yoast-seo-premium-wordpress\/ -->\n<title>Contact Us - KMSLaser<\/title>\n<meta name=\"robots\" content=\"index, follow, max-snippet:-1, max-image-preview:large, max-video-preview:-1\" \/>\n<link rel=\"canonical\" href=\"https:\/\/kmslaser.com\/es\/contactanos\/\" \/>\n<meta property=\"og:locale\" content=\"es_MX\" \/>\n<meta property=\"og:type\" content=\"article\" \/>\n<meta property=\"og:title\" content=\"Contact Us\" \/>\n<meta property=\"og:description\" content=\"Your Tailor Beauty Machine Starts Here Contact KMSlaser for Your Next Order of Beauty Machines in**@******er.com +86 020 3451 7151 +86 18676839070 Address\" \/>\n<meta property=\"og:url\" content=\"https:\/\/kmslaser.com\/es\/contactanos\/\" \/>\n<meta property=\"og:site_name\" content=\"KMSLaser\" \/>\n<meta property=\"article:modified_time\" content=\"2022-02-22T07:59:46+00:00\" \/>\n<meta property=\"og:image\" content=\"https:\/\/kmslaser.com\/wp-content\/uploads\/2020\/03\/locationImg.jpg\" \/>\n<meta name=\"twitter:card\" content=\"summary_large_image\" \/>\n<!-- \/ Yoast SEO Premium plugin. -->","yoast_head_json":{"title":"Cont\u00e1ctanos - KMSLaser","robots":{"index":"index","follow":"follow","max-snippet":"max-snippet:-1","max-image-preview":"max-image-preview:large","max-video-preview":"max-video-preview:-1"},"canonical":"https:\/\/kmslaser.com\/es\/contactanos\/","og_locale":"es_MX","og_type":"article","og_title":"Contact Us","og_description":"Your Tailor Beauty Machine Starts Here Contact KMSlaser for Your Next Order of Beauty Machines in**@******er.com +86 020 3451 7151 +86 18676839070 Address","og_url":"https:\/\/kmslaser.com\/es\/contactanos\/","og_site_name":"KMSLaser","article_modified_time":"2022-02-22T07:59:46+00:00","og_image":[{"url":"https:\/\/kmslaser.com\/wp-content\/uploads\/2020\/03\/locationImg.jpg","type":"","width":"","height":""}],"twitter_card":"summary_large_image","schema":{"@context":"https:\/\/schema.org","@graph":[{"@type":"WebPage","@id":"https:\/\/kmslaser.com\/contact-us\/","url":"https:\/\/kmslaser.com\/contact-us\/","name":"Cont\u00e1ctanos - KMSLaser","isPartOf":{"@id":"https:\/\/kmslaser.com\/#website"},"datePublished":"2020-02-19T07:02:06+00:00","dateModified":"2022-02-22T07:59:46+00:00","breadcrumb":{"@id":"https:\/\/kmslaser.com\/contact-us\/#breadcrumb"},"inLanguage":"es","potentialAction":[{"@type":"ReadAction","target":["https:\/\/kmslaser.com\/contact-us\/"]}]},{"@type":"BreadcrumbList","@id":"https:\/\/kmslaser.com\/contact-us\/#breadcrumb","itemListElement":[{"@type":"ListItem","position":1,"name":"Home","item":"https:\/\/kmslaser.com\/"},{"@type":"ListItem","position":2,"name":"Contact Us"}]},{"@type":"WebSite","@id":"https:\/\/kmslaser.com\/#website","url":"https:\/\/kmslaser.com\/","name":"KMSLaser","description":"","publisher":{"@id":"https:\/\/kmslaser.com\/#organization"},"potentialAction":[{"@type":"SearchAction","target":{"@type":"EntryPoint","urlTemplate":"https:\/\/kmslaser.com\/?s={search_term_string}"},"query-input":{"@type":"PropertyValueSpecification","valueRequired":true,"valueName":"search_term_string"}}],"inLanguage":"es"},{"@type":"Organization","@id":"https:\/\/kmslaser.com\/#organization","name":"KMSLaser","url":"https:\/\/kmslaser.com\/","logo":{"@type":"ImageObject","inLanguage":"es","@id":"https:\/\/kmslaser.com\/#\/schema\/logo\/image\/","url":"https:\/\/kmslaser.com\/wp-content\/uploads\/2020\/02\/logo.png","contentUrl":"https:\/\/kmslaser.com\/wp-content\/uploads\/2020\/02\/logo.png","width":180,"height":71,"caption":"KMSLaser"},"image":{"@id":"https:\/\/kmslaser.com\/#\/schema\/logo\/image\/"}}]}},"_links":{"self":[{"href":"https:\/\/kmslaser.com\/es\/wp-json\/wp\/v2\/pages\/28","targetHints":{"allow":["GET"]}}],"collection":[{"href":"https:\/\/kmslaser.com\/es\/wp-json\/wp\/v2\/pages"}],"about":[{"href":"https:\/\/kmslaser.com\/es\/wp-json\/wp\/v2\/types\/page"}],"author":[{"embeddable":true,"href":"https:\/\/kmslaser.com\/es\/wp-json\/wp\/v2\/users\/1"}],"replies":[{"embeddable":true,"href":"https:\/\/kmslaser.com\/es\/wp-json\/wp\/v2\/comments?post=28"}],"version-history":[{"count":0,"href":"https:\/\/kmslaser.com\/es\/wp-json\/wp\/v2\/pages\/28\/revisions"}],"wp:attachment":[{"href":"https:\/\/kmslaser.com\/es\/wp-json\/wp\/v2\/media?parent=28"}],"curies":[{"name":"wp","href":"https:\/\/api.w.org\/{rel}","templated":true}]}}