{"id":1882,"date":"2020-10-13T08:12:00","date_gmt":"2020-10-13T08:12:00","guid":{"rendered":"https:\/\/kmslaser.com\/?page_id=1882"},"modified":"2022-02-22T08:16:59","modified_gmt":"2022-02-22T08:16:59","slug":"maquina-de-eliminacion-vascular-rv8","status":"publish","type":"page","link":"https:\/\/kmslaser.com\/es\/vascular-removal-machine-rv8\/","title":{"rendered":"M\u00e1quina de eliminaci\u00f3n vascular RV8"},"content":{"rendered":"","protected":false},"excerpt":{"rendered":"","protected":false},"author":1,"featured_media":0,"parent":0,"menu_order":1,"comment_status":"closed","ping_status":"closed","template":"product-details.php","meta":{"_acf_changed":false,"site-sidebar-layout":"no-sidebar","site-content-layout":"page-builder","ast-site-content-layout":"default","site-content-style":"default","site-sidebar-style":"default","ast-global-header-display":"","ast-banner-title-visibility":"","ast-main-header-display":"","ast-hfb-above-header-display":"","ast-hfb-below-header-display":"","ast-hfb-mobile-header-display":"","site-post-title":"disabled","ast-breadcrumbs-content":"disabled","ast-featured-img":"disabled","footer-sml-layout":"","ast-disable-related-posts":"","theme-transparent-header-meta":"","adv-header-id-meta":null,"stick-header-meta":"","header-above-stick-meta":null,"header-main-stick-meta":"","header-below-stick-meta":null,"astra-migrate-meta-layouts":"default","ast-page-background-enabled":"default","ast-page-background-meta":{"desktop":{"background-color":"","background-image":"","background-repeat":"repeat","background-position":"center center","background-size":"auto","background-attachment":"scroll","background-type":"","background-media":"","overlay-type":"","overlay-color":"","overlay-opacity":"","overlay-gradient":""},"tablet":{"background-color":"","background-image":"","background-repeat":"repeat","background-position":"center center","background-size":"auto","background-attachment":"scroll","background-type":"","background-media":"","overlay-type":"","overlay-color":"","overlay-opacity":"","overlay-gradient":""},"mobile":{"background-color":"","background-image":"","background-repeat":"repeat","background-position":"center center","background-size":"auto","background-attachment":"scroll","background-type":"","background-media":"","overlay-type":"","overlay-color":"","overlay-opacity":"","overlay-gradient":""}},"ast-content-background-meta":{"desktop":{"background-color":"var(--ast-global-color-5)","background-image":"","background-repeat":"repeat","background-position":"center center","background-size":"auto","background-attachment":"scroll","background-type":"","background-media":"","overlay-type":"","overlay-color":"","overlay-opacity":"","overlay-gradient":""},"tablet":{"background-color":"var(--ast-global-color-5)","background-image":"","background-repeat":"repeat","background-position":"center center","background-size":"auto","background-attachment":"scroll","background-type":"","background-media":"","overlay-type":"","overlay-color":"","overlay-opacity":"","overlay-gradient":""},"mobile":{"background-color":"var(--ast-global-color-5)","background-image":"","background-repeat":"repeat","background-position":"center center","background-size":"auto","background-attachment":"scroll","background-type":"","background-media":"","overlay-type":"","overlay-color":"","overlay-opacity":"","overlay-gradient":""}},"footnotes":""},"class_list":["post-1882","page","type-page","status-publish","hentry"],"acf":[],"yoast_head":"<!-- This site is optimized with the Yoast SEO Premium plugin v27.0 (Yoast SEO v27.5) - https:\/\/yoast.com\/product\/yoast-seo-premium-wordpress\/ -->\n<title>Vascular Removal Machine - Spider Veins Removal Machine - KMSLSER<\/title>\n<meta name=\"description\" content=\"China Vascular Removal Machine, Easy to Operate, Non-invasive, No Downtime, Want to Say Goodbye to Your Veins? Ask For A Quote Now!\" \/>\n<meta name=\"robots\" content=\"index, follow, max-snippet:-1, max-image-preview:large, max-video-preview:-1\" \/>\n<link rel=\"canonical\" href=\"https:\/\/kmslaser.com\/es\/maquina-de-eliminacion-vascular-rv8\/\" \/>\n<meta property=\"og:locale\" content=\"es_MX\" \/>\n<meta property=\"og:type\" content=\"article\" \/>\n<meta property=\"og:title\" content=\"Vascular Removal Machine RV8\" \/>\n<meta property=\"og:description\" content=\"China Vascular Removal Machine, Easy to Operate, Non-invasive, No Downtime, Want to Say Goodbye to Your Veins? Ask For A Quote Now!\" \/>\n<meta property=\"og:url\" content=\"https:\/\/kmslaser.com\/es\/maquina-de-eliminacion-vascular-rv8\/\" \/>\n<meta property=\"og:site_name\" content=\"KMSLaser\" \/>\n<meta property=\"article:modified_time\" content=\"2022-02-22T08:16:59+00:00\" \/>\n<meta name=\"twitter:card\" content=\"summary_large_image\" \/>\n<!-- \/ Yoast SEO Premium plugin. -->","yoast_head_json":{"title":"M\u00e1quina de eliminaci\u00f3n vascular - M\u00e1quina de eliminaci\u00f3n de ara\u00f1as vasculares - KMSLSER","description":"M\u00e1quina de eliminaci\u00f3n vascular de China, f\u00e1cil de operar, no invasiva, sin tiempo de inactividad, \u00bfquieres despedirte de tus venas? \u00a1Solicita una cotizaci\u00f3n ahora!","robots":{"index":"index","follow":"follow","max-snippet":"max-snippet:-1","max-image-preview":"max-image-preview:large","max-video-preview":"max-video-preview:-1"},"canonical":"https:\/\/kmslaser.com\/es\/maquina-de-eliminacion-vascular-rv8\/","og_locale":"es_MX","og_type":"article","og_title":"Vascular Removal Machine RV8","og_description":"China Vascular Removal Machine, Easy to Operate, Non-invasive, No Downtime, Want to Say Goodbye to Your Veins? Ask For A Quote Now!","og_url":"https:\/\/kmslaser.com\/es\/maquina-de-eliminacion-vascular-rv8\/","og_site_name":"KMSLaser","article_modified_time":"2022-02-22T08:16:59+00:00","twitter_card":"summary_large_image","schema":{"@context":"https:\/\/schema.org","@graph":[{"@type":"WebPage","@id":"https:\/\/kmslaser.com\/vascular-removal-machine-rv8\/","url":"https:\/\/kmslaser.com\/vascular-removal-machine-rv8\/","name":"M\u00e1quina de eliminaci\u00f3n vascular - M\u00e1quina de eliminaci\u00f3n de ara\u00f1as vasculares - KMSLSER","isPartOf":{"@id":"https:\/\/kmslaser.com\/#website"},"datePublished":"2020-10-13T08:12:00+00:00","dateModified":"2022-02-22T08:16:59+00:00","description":"M\u00e1quina de eliminaci\u00f3n vascular de China, f\u00e1cil de operar, no invasiva, sin tiempo de inactividad, \u00bfquieres despedirte de tus venas? \u00a1Solicita una cotizaci\u00f3n ahora!","breadcrumb":{"@id":"https:\/\/kmslaser.com\/vascular-removal-machine-rv8\/#breadcrumb"},"inLanguage":"es","potentialAction":[{"@type":"ReadAction","target":["https:\/\/kmslaser.com\/vascular-removal-machine-rv8\/"]}]},{"@type":"BreadcrumbList","@id":"https:\/\/kmslaser.com\/vascular-removal-machine-rv8\/#breadcrumb","itemListElement":[{"@type":"ListItem","position":1,"name":"Home","item":"https:\/\/kmslaser.com\/"},{"@type":"ListItem","position":2,"name":"Vascular Removal Machine RV8"}]},{"@type":"WebSite","@id":"https:\/\/kmslaser.com\/#website","url":"https:\/\/kmslaser.com\/","name":"KMSLaser","description":"","publisher":{"@id":"https:\/\/kmslaser.com\/#organization"},"potentialAction":[{"@type":"SearchAction","target":{"@type":"EntryPoint","urlTemplate":"https:\/\/kmslaser.com\/?s={search_term_string}"},"query-input":{"@type":"PropertyValueSpecification","valueRequired":true,"valueName":"search_term_string"}}],"inLanguage":"es"},{"@type":"Organization","@id":"https:\/\/kmslaser.com\/#organization","name":"KMSLaser","url":"https:\/\/kmslaser.com\/","logo":{"@type":"ImageObject","inLanguage":"es","@id":"https:\/\/kmslaser.com\/#\/schema\/logo\/image\/","url":"https:\/\/kmslaser.com\/wp-content\/uploads\/2020\/02\/logo.png","contentUrl":"https:\/\/kmslaser.com\/wp-content\/uploads\/2020\/02\/logo.png","width":180,"height":71,"caption":"KMSLaser"},"image":{"@id":"https:\/\/kmslaser.com\/#\/schema\/logo\/image\/"}}]}},"_links":{"self":[{"href":"https:\/\/kmslaser.com\/es\/wp-json\/wp\/v2\/pages\/1882","targetHints":{"allow":["GET"]}}],"collection":[{"href":"https:\/\/kmslaser.com\/es\/wp-json\/wp\/v2\/pages"}],"about":[{"href":"https:\/\/kmslaser.com\/es\/wp-json\/wp\/v2\/types\/page"}],"author":[{"embeddable":true,"href":"https:\/\/kmslaser.com\/es\/wp-json\/wp\/v2\/users\/1"}],"replies":[{"embeddable":true,"href":"https:\/\/kmslaser.com\/es\/wp-json\/wp\/v2\/comments?post=1882"}],"version-history":[{"count":0,"href":"https:\/\/kmslaser.com\/es\/wp-json\/wp\/v2\/pages\/1882\/revisions"}],"wp:attachment":[{"href":"https:\/\/kmslaser.com\/es\/wp-json\/wp\/v2\/media?parent=1882"}],"curies":[{"name":"wp","href":"https:\/\/api.w.org\/{rel}","templated":true}]}}