{"id":781,"date":"2020-05-04T07:24:42","date_gmt":"2020-05-04T07:24:42","guid":{"rendered":"https:\/\/kmslaser.com\/?page_id=781"},"modified":"2022-02-22T08:16:58","modified_gmt":"2022-02-22T08:16:58","slug":"rf-gesichtsmaschine","status":"publish","type":"page","link":"https:\/\/kmslaser.com\/de\/rf-facial-machine\/","title":{"rendered":"RF-Gesichtsbehandlungsger\u00e4t"},"content":{"rendered":"","protected":false},"excerpt":{"rendered":"","protected":false},"author":1,"featured_media":0,"parent":0,"menu_order":1,"comment_status":"closed","ping_status":"closed","template":"product-details.php","meta":{"_acf_changed":false,"site-sidebar-layout":"no-sidebar","site-content-layout":"page-builder","ast-site-content-layout":"default","site-content-style":"default","site-sidebar-style":"default","ast-global-header-display":"","ast-banner-title-visibility":"","ast-main-header-display":"","ast-hfb-above-header-display":"","ast-hfb-below-header-display":"","ast-hfb-mobile-header-display":"","site-post-title":"disabled","ast-breadcrumbs-content":"disabled","ast-featured-img":"disabled","footer-sml-layout":"","ast-disable-related-posts":"","theme-transparent-header-meta":"","adv-header-id-meta":null,"stick-header-meta":"","header-above-stick-meta":null,"header-main-stick-meta":"","header-below-stick-meta":null,"astra-migrate-meta-layouts":"default","ast-page-background-enabled":"default","ast-page-background-meta":{"desktop":{"background-color":"","background-image":"","background-repeat":"repeat","background-position":"center center","background-size":"auto","background-attachment":"scroll","background-type":"","background-media":"","overlay-type":"","overlay-color":"","overlay-opacity":"","overlay-gradient":""},"tablet":{"background-color":"","background-image":"","background-repeat":"repeat","background-position":"center center","background-size":"auto","background-attachment":"scroll","background-type":"","background-media":"","overlay-type":"","overlay-color":"","overlay-opacity":"","overlay-gradient":""},"mobile":{"background-color":"","background-image":"","background-repeat":"repeat","background-position":"center center","background-size":"auto","background-attachment":"scroll","background-type":"","background-media":"","overlay-type":"","overlay-color":"","overlay-opacity":"","overlay-gradient":""}},"ast-content-background-meta":{"desktop":{"background-color":"var(--ast-global-color-5)","background-image":"","background-repeat":"repeat","background-position":"center center","background-size":"auto","background-attachment":"scroll","background-type":"","background-media":"","overlay-type":"","overlay-color":"","overlay-opacity":"","overlay-gradient":""},"tablet":{"background-color":"var(--ast-global-color-5)","background-image":"","background-repeat":"repeat","background-position":"center center","background-size":"auto","background-attachment":"scroll","background-type":"","background-media":"","overlay-type":"","overlay-color":"","overlay-opacity":"","overlay-gradient":""},"mobile":{"background-color":"var(--ast-global-color-5)","background-image":"","background-repeat":"repeat","background-position":"center center","background-size":"auto","background-attachment":"scroll","background-type":"","background-media":"","overlay-type":"","overlay-color":"","overlay-opacity":"","overlay-gradient":""}},"footnotes":""},"class_list":["post-781","page","type-page","status-publish","hentry"],"acf":[],"yoast_head":"<!-- This site is optimized with the Yoast SEO Premium plugin v27.0 (Yoast SEO v27.5) - https:\/\/yoast.com\/product\/yoast-seo-premium-wordpress\/ -->\n<title>RF Facial Machine - Skin Tightening Beauty Machine - KMSLASER<\/title>\n<meta name=\"description\" content=\"RF Facial Machine, With Red Blue Green LED lights, 6 Handles For Option, Easy to Operate, Want to Get One For Your Own? Send An Inquiy Now!\" \/>\n<meta name=\"robots\" content=\"index, follow, max-snippet:-1, max-image-preview:large, max-video-preview:-1\" \/>\n<link rel=\"canonical\" href=\"https:\/\/kmslaser.com\/de\/rf-gesichtsmaschine\/\" \/>\n<meta property=\"og:locale\" content=\"de_DE\" \/>\n<meta property=\"og:type\" content=\"article\" \/>\n<meta property=\"og:title\" content=\"RF Facial Machine\" \/>\n<meta property=\"og:description\" content=\"RF Facial Machine, With Red Blue Green LED lights, 6 Handles For Option, Easy to Operate, Want to Get One For Your Own? Send An Inquiy Now!\" \/>\n<meta property=\"og:url\" content=\"https:\/\/kmslaser.com\/de\/rf-gesichtsmaschine\/\" \/>\n<meta property=\"og:site_name\" content=\"KMSLaser\" \/>\n<meta property=\"article:modified_time\" content=\"2022-02-22T08:16:58+00:00\" \/>\n<meta name=\"twitter:card\" content=\"summary_large_image\" \/>\n<!-- \/ Yoast SEO Premium plugin. -->","yoast_head_json":{"title":"RF Gesichtsmaschine - Hautstraffungs-Sch\u00f6nheitsmaschine - KMSLASER","description":"RF-Gesichtsmaschine, mit roten, blauen und gr\u00fcnen LED-Leuchten, 6 Griffe zur Auswahl, einfach zu bedienen, m\u00f6chten Sie eine f\u00fcr sich selbst? Senden Sie jetzt eine Anfrage!","robots":{"index":"index","follow":"follow","max-snippet":"max-snippet:-1","max-image-preview":"max-image-preview:large","max-video-preview":"max-video-preview:-1"},"canonical":"https:\/\/kmslaser.com\/de\/rf-gesichtsmaschine\/","og_locale":"de_DE","og_type":"article","og_title":"RF Facial Machine","og_description":"RF Facial Machine, With Red Blue Green LED lights, 6 Handles For Option, Easy to Operate, Want to Get One For Your Own? Send An Inquiy Now!","og_url":"https:\/\/kmslaser.com\/de\/rf-gesichtsmaschine\/","og_site_name":"KMSLaser","article_modified_time":"2022-02-22T08:16:58+00:00","twitter_card":"summary_large_image","schema":{"@context":"https:\/\/schema.org","@graph":[{"@type":"WebPage","@id":"https:\/\/kmslaser.com\/rf-facial-machine\/","url":"https:\/\/kmslaser.com\/rf-facial-machine\/","name":"RF Gesichtsmaschine - Hautstraffungs-Sch\u00f6nheitsmaschine - KMSLASER","isPartOf":{"@id":"https:\/\/kmslaser.com\/#website"},"datePublished":"2020-05-04T07:24:42+00:00","dateModified":"2022-02-22T08:16:58+00:00","description":"RF-Gesichtsmaschine, mit roten, blauen und gr\u00fcnen LED-Leuchten, 6 Griffe zur Auswahl, einfach zu bedienen, m\u00f6chten Sie eine f\u00fcr sich selbst? Senden Sie jetzt eine Anfrage!","breadcrumb":{"@id":"https:\/\/kmslaser.com\/rf-facial-machine\/#breadcrumb"},"inLanguage":"de","potentialAction":[{"@type":"ReadAction","target":["https:\/\/kmslaser.com\/rf-facial-machine\/"]}]},{"@type":"BreadcrumbList","@id":"https:\/\/kmslaser.com\/rf-facial-machine\/#breadcrumb","itemListElement":[{"@type":"ListItem","position":1,"name":"Home","item":"https:\/\/kmslaser.com\/"},{"@type":"ListItem","position":2,"name":"RF Facial Machine"}]},{"@type":"WebSite","@id":"https:\/\/kmslaser.com\/#website","url":"https:\/\/kmslaser.com\/","name":"KMSLaser","description":"","publisher":{"@id":"https:\/\/kmslaser.com\/#organization"},"potentialAction":[{"@type":"SearchAction","target":{"@type":"EntryPoint","urlTemplate":"https:\/\/kmslaser.com\/?s={search_term_string}"},"query-input":{"@type":"PropertyValueSpecification","valueRequired":true,"valueName":"search_term_string"}}],"inLanguage":"de"},{"@type":"Organization","@id":"https:\/\/kmslaser.com\/#organization","name":"KMSLaser","url":"https:\/\/kmslaser.com\/","logo":{"@type":"ImageObject","inLanguage":"de","@id":"https:\/\/kmslaser.com\/#\/schema\/logo\/image\/","url":"https:\/\/kmslaser.com\/wp-content\/uploads\/2020\/02\/logo.png","contentUrl":"https:\/\/kmslaser.com\/wp-content\/uploads\/2020\/02\/logo.png","width":180,"height":71,"caption":"KMSLaser"},"image":{"@id":"https:\/\/kmslaser.com\/#\/schema\/logo\/image\/"}}]}},"_links":{"self":[{"href":"https:\/\/kmslaser.com\/de\/wp-json\/wp\/v2\/pages\/781","targetHints":{"allow":["GET"]}}],"collection":[{"href":"https:\/\/kmslaser.com\/de\/wp-json\/wp\/v2\/pages"}],"about":[{"href":"https:\/\/kmslaser.com\/de\/wp-json\/wp\/v2\/types\/page"}],"author":[{"embeddable":true,"href":"https:\/\/kmslaser.com\/de\/wp-json\/wp\/v2\/users\/1"}],"replies":[{"embeddable":true,"href":"https:\/\/kmslaser.com\/de\/wp-json\/wp\/v2\/comments?post=781"}],"version-history":[{"count":0,"href":"https:\/\/kmslaser.com\/de\/wp-json\/wp\/v2\/pages\/781\/revisions"}],"wp:attachment":[{"href":"https:\/\/kmslaser.com\/de\/wp-json\/wp\/v2\/media?parent=781"}],"curies":[{"name":"wp","href":"https:\/\/api.w.org\/{rel}","templated":true}]}}