{"id":365,"date":"2020-04-30T01:11:34","date_gmt":"2020-04-30T01:11:34","guid":{"rendered":"https:\/\/kmslaser.com\/?page_id=365"},"modified":"2023-04-10T03:33:13","modified_gmt":"2023-04-10T03:33:13","slug":"ed-pro-extrakorporale-stoswellentherapiegerat-2","status":"publish","type":"page","link":"https:\/\/kmslaser.com\/de\/ed-pro-extracorporeal-shock-wave-therapy-machine-2\/","title":{"rendered":"ED-PRO Ger\u00e4t f\u00fcr extrakorporale Sto\u00dfwellentherapie"},"content":{"rendered":"","protected":false},"excerpt":{"rendered":"","protected":false},"author":1,"featured_media":0,"parent":0,"menu_order":0,"comment_status":"closed","ping_status":"closed","template":"product-details.php","meta":{"_acf_changed":false,"site-sidebar-layout":"no-sidebar","site-content-layout":"page-builder","ast-site-content-layout":"default","site-content-style":"default","site-sidebar-style":"default","ast-global-header-display":"","ast-banner-title-visibility":"","ast-main-header-display":"","ast-hfb-above-header-display":"","ast-hfb-below-header-display":"","ast-hfb-mobile-header-display":"","site-post-title":"disabled","ast-breadcrumbs-content":"disabled","ast-featured-img":"disabled","footer-sml-layout":"","ast-disable-related-posts":"","theme-transparent-header-meta":"default","adv-header-id-meta":null,"stick-header-meta":"default","header-above-stick-meta":null,"header-main-stick-meta":"","header-below-stick-meta":null,"astra-migrate-meta-layouts":"default","ast-page-background-enabled":"default","ast-page-background-meta":{"desktop":{"background-color":"","background-image":"","background-repeat":"repeat","background-position":"center center","background-size":"auto","background-attachment":"scroll","background-type":"","background-media":"","overlay-type":"","overlay-color":"","overlay-opacity":"","overlay-gradient":""},"tablet":{"background-color":"","background-image":"","background-repeat":"repeat","background-position":"center center","background-size":"auto","background-attachment":"scroll","background-type":"","background-media":"","overlay-type":"","overlay-color":"","overlay-opacity":"","overlay-gradient":""},"mobile":{"background-color":"","background-image":"","background-repeat":"repeat","background-position":"center center","background-size":"auto","background-attachment":"scroll","background-type":"","background-media":"","overlay-type":"","overlay-color":"","overlay-opacity":"","overlay-gradient":""}},"ast-content-background-meta":{"desktop":{"background-color":"var(--ast-global-color-5)","background-image":"","background-repeat":"repeat","background-position":"center center","background-size":"auto","background-attachment":"scroll","background-type":"","background-media":"","overlay-type":"","overlay-color":"","overlay-opacity":"","overlay-gradient":""},"tablet":{"background-color":"var(--ast-global-color-5)","background-image":"","background-repeat":"repeat","background-position":"center center","background-size":"auto","background-attachment":"scroll","background-type":"","background-media":"","overlay-type":"","overlay-color":"","overlay-opacity":"","overlay-gradient":""},"mobile":{"background-color":"var(--ast-global-color-5)","background-image":"","background-repeat":"repeat","background-position":"center center","background-size":"auto","background-attachment":"scroll","background-type":"","background-media":"","overlay-type":"","overlay-color":"","overlay-opacity":"","overlay-gradient":""}},"footnotes":""},"class_list":["post-365","page","type-page","status-publish","hentry"],"acf":[],"yoast_head":"<!-- This site is optimized with the Yoast SEO Premium plugin v27.0 (Yoast SEO v27.1.1) - https:\/\/yoast.com\/product\/yoast-seo-premium-wordpress\/ -->\n<title>EDPRO Extracorporeal Shock Wave Therapy machine Shockwave Device<\/title>\n<meta name=\"description\" content=\"Factory Direct Extracorporeal Shock Wave Therapy Machine for Men Erectile, ESWT machine Supplier, 2 Years Warranty. Contact Us for Best Price!\" \/>\n<meta name=\"robots\" content=\"index, follow, max-snippet:-1, max-image-preview:large, max-video-preview:-1\" \/>\n<link rel=\"canonical\" href=\"https:\/\/kmslaser.com\/de\/ed-pro-extrakorporale-stoswellentherapiegerat-2\/\" \/>\n<meta property=\"og:locale\" content=\"de_DE\" \/>\n<meta property=\"og:type\" content=\"article\" \/>\n<meta property=\"og:title\" content=\"ED-PRO Extracorporeal Shock Wave Therapy machine\" \/>\n<meta property=\"og:description\" content=\"Factory Direct Extracorporeal Shock Wave Therapy Machine for Men Erectile, ESWT machine Supplier, 2 Years Warranty. Contact Us for Best Price!\" \/>\n<meta property=\"og:url\" content=\"https:\/\/kmslaser.com\/de\/ed-pro-extrakorporale-stoswellentherapiegerat-2\/\" \/>\n<meta property=\"og:site_name\" content=\"KMSLaser\" \/>\n<meta property=\"article:modified_time\" content=\"2023-04-10T03:33:13+00:00\" \/>\n<meta name=\"twitter:card\" content=\"summary_large_image\" \/>\n<!-- \/ Yoast SEO Premium plugin. -->","yoast_head_json":{"title":"EDPRO Extrakorporale Sto\u00dfwellentherapie-Ger\u00e4t Sto\u00dfwellenger\u00e4t","description":"Fabrikdirekt Extrakorporale Sto\u00dfwellentherapie-Maschine f\u00fcr M\u00e4nner mit erektiler Dysfunktion, ESWT-Maschinenlieferant, 2 Jahre Garantie. Kontaktieren Sie uns f\u00fcr den besten Preis!","robots":{"index":"index","follow":"follow","max-snippet":"max-snippet:-1","max-image-preview":"max-image-preview:large","max-video-preview":"max-video-preview:-1"},"canonical":"https:\/\/kmslaser.com\/de\/ed-pro-extrakorporale-stoswellentherapiegerat-2\/","og_locale":"de_DE","og_type":"article","og_title":"ED-PRO Extracorporeal Shock Wave Therapy machine","og_description":"Factory Direct Extracorporeal Shock Wave Therapy Machine for Men Erectile, ESWT machine Supplier, 2 Years Warranty. Contact Us for Best Price!","og_url":"https:\/\/kmslaser.com\/de\/ed-pro-extrakorporale-stoswellentherapiegerat-2\/","og_site_name":"KMSLaser","article_modified_time":"2023-04-10T03:33:13+00:00","twitter_card":"summary_large_image","schema":{"@context":"https:\/\/schema.org","@graph":[{"@type":"WebPage","@id":"https:\/\/kmslaser.com\/ed-pro-extracorporeal-shock-wave-therapy-machine-2\/","url":"https:\/\/kmslaser.com\/ed-pro-extracorporeal-shock-wave-therapy-machine-2\/","name":"EDPRO Extrakorporale Sto\u00dfwellentherapie-Ger\u00e4t Sto\u00dfwellenger\u00e4t","isPartOf":{"@id":"https:\/\/kmslaser.com\/#website"},"datePublished":"2020-04-30T01:11:34+00:00","dateModified":"2023-04-10T03:33:13+00:00","description":"Fabrikdirekt Extrakorporale Sto\u00dfwellentherapie-Maschine f\u00fcr M\u00e4nner mit erektiler Dysfunktion, ESWT-Maschinenlieferant, 2 Jahre Garantie. Kontaktieren Sie uns f\u00fcr den besten Preis!","breadcrumb":{"@id":"https:\/\/kmslaser.com\/ed-pro-extracorporeal-shock-wave-therapy-machine-2\/#breadcrumb"},"inLanguage":"de","potentialAction":[{"@type":"ReadAction","target":["https:\/\/kmslaser.com\/ed-pro-extracorporeal-shock-wave-therapy-machine-2\/"]}]},{"@type":"BreadcrumbList","@id":"https:\/\/kmslaser.com\/ed-pro-extracorporeal-shock-wave-therapy-machine-2\/#breadcrumb","itemListElement":[{"@type":"ListItem","position":1,"name":"Home","item":"https:\/\/kmslaser.com\/"},{"@type":"ListItem","position":2,"name":"ED-PRO Extracorporeal Shock Wave Therapy machine"}]},{"@type":"WebSite","@id":"https:\/\/kmslaser.com\/#website","url":"https:\/\/kmslaser.com\/","name":"KMSLaser","description":"","publisher":{"@id":"https:\/\/kmslaser.com\/#organization"},"potentialAction":[{"@type":"SearchAction","target":{"@type":"EntryPoint","urlTemplate":"https:\/\/kmslaser.com\/?s={search_term_string}"},"query-input":{"@type":"PropertyValueSpecification","valueRequired":true,"valueName":"search_term_string"}}],"inLanguage":"de"},{"@type":"Organization","@id":"https:\/\/kmslaser.com\/#organization","name":"KMSLaser","url":"https:\/\/kmslaser.com\/","logo":{"@type":"ImageObject","inLanguage":"de","@id":"https:\/\/kmslaser.com\/#\/schema\/logo\/image\/","url":"https:\/\/kmslaser.com\/wp-content\/uploads\/2020\/02\/logo.png","contentUrl":"https:\/\/kmslaser.com\/wp-content\/uploads\/2020\/02\/logo.png","width":180,"height":71,"caption":"KMSLaser"},"image":{"@id":"https:\/\/kmslaser.com\/#\/schema\/logo\/image\/"}}]}},"_links":{"self":[{"href":"https:\/\/kmslaser.com\/de\/wp-json\/wp\/v2\/pages\/365","targetHints":{"allow":["GET"]}}],"collection":[{"href":"https:\/\/kmslaser.com\/de\/wp-json\/wp\/v2\/pages"}],"about":[{"href":"https:\/\/kmslaser.com\/de\/wp-json\/wp\/v2\/types\/page"}],"author":[{"embeddable":true,"href":"https:\/\/kmslaser.com\/de\/wp-json\/wp\/v2\/users\/1"}],"replies":[{"embeddable":true,"href":"https:\/\/kmslaser.com\/de\/wp-json\/wp\/v2\/comments?post=365"}],"version-history":[{"count":0,"href":"https:\/\/kmslaser.com\/de\/wp-json\/wp\/v2\/pages\/365\/revisions"}],"wp:attachment":[{"href":"https:\/\/kmslaser.com\/de\/wp-json\/wp\/v2\/media?parent=365"}],"curies":[{"name":"wp","href":"https:\/\/api.w.org\/{rel}","templated":true}]}}