{"id":16,"date":"2020-02-19T07:00:09","date_gmt":"2020-02-19T07:00:09","guid":{"rendered":"https:\/\/kmslaser.com\/?page_id=16"},"modified":"2022-02-22T07:59:45","modified_gmt":"2022-02-22T07:59:45","slug":"uber","status":"publish","type":"page","link":"https:\/\/kmslaser.com\/de\/about\/","title":{"rendered":"\u00dcber"},"content":{"rendered":"<div class=\"bannerWraper aboutBanner\">\n<div class=\"bannerImage\"><\/div>\n<div class=\"container\">\n<div class=\"row\">\n<div class=\"bannerContent whiteCircleList\">\n<h1 class=\"bannerHeading clrWhite\">\u00dcber KMSLASER<\/h1>\n<div class=\"bannerText clrWhite\">8 Jahre Hersteller von verschiedenen Sch\u00f6nheitsmaschinen<\/div>\n<ul>\n<li>Einzigartiges Design<\/li>\n<li>OEM&amp;ODM verf\u00fcgbar<\/li>\n<li>Lieferung per Spedition m\u00f6glich<\/li>\n<li>Technischer Dienst<\/li>\n<\/ul>\n<div class=\"aboutBtn bannerBtn\"><a class=\"fancybox-inline commonBtn whiteBtn minwidth210\" href=\"#contactPopUpForm\">Senden Sie Ihre Anfrage<\/a><\/div>\n<\/div>\n<\/div>\n<\/div>\n<\/div>\n<div class=\"aboutSection2 paddTop90 paddBottom90\">\n<div class=\"container\">\n<div class=\"row cust-row text-center\">\n<div class=\"col-sm-12\">\n<h2>KMSLASER: Ihr Hersteller f\u00fcr individuelle Sch\u00f6nheitsger\u00e4te<\/h2>\n<div class=\"aboutSectionText\">Wir haben 5 Software-Ingenieure und 2 Hardware-Ingenieure, um Ihre Anforderungen an die Anpassung verschiedener Sch\u00f6nheitsger\u00e4te zu erf\u00fcllen. Wir haben Fabrik, um Sie auf vor &amp; nach Verk\u00e4ufen zu unterst\u00fctzen.<\/div>\n<\/div>\n<\/div>\n<\/div>\n<\/div>\n<div class=\"aboutSection2Btn text-center\"><a class=\"fancybox-inline commonBtn\" href=\"#contactPopUpForm\">Anfrage f\u00fcr eine schnelle Antwort<\/a><\/div>\n<div class=\"aboutFeaturedSection paddTop90 paddBottom60\">\n<div class=\"container\">\n<div class=\"row cust-row text-center\">\n<div class=\"col-sm-12 col-md-4 paddBottom30\">\n<div class=\"aboutFeaturedBox\">\n<div class=\"aboutFeaturedImg\">\n<div><a href=\"\/de\/ems-fitness-machine\/\" target=\"_blank\" rel=\"noopener noreferrer\"><img decoding=\"async\" class=\"img-responsive\" src=\"\/wp-content\/uploads\/2020\/05\/EMS_Fitness_machine.jpeg\" \/><\/a><\/div>\n<div class=\"aboutFeaturedHoverWrapper\">\n<div class=\"aboutFeaturedBtn\"><a class=\"commonBtn\" href=\"https:\/\/kmslaser.com\/de\/ems-fitnessgerat-2\/\" target=\"_blank\" rel=\"noopener noreferrer\">Details anzeigen<\/a><\/div>\n<\/div>\n<\/div>\n<div class=\"aboutFeaturedTitle paddTop20 tex-left\"><a href=\"https:\/\/kmslaser.com\/de\/ems-fitnessgerat-2\/\" target=\"_blank\" rel=\"noopener noreferrer\">EMS-Fitnessger\u00e4t<\/a><\/div>\n<div class=\"aboutFeaturedText\">Suspendisse accumsan libero nec maximus semper. Morbi urna sem, laoreet porttitor nulla.<\/div>\n<\/div>\n<\/div>\n<div class=\"col-sm-12 col-md-4 paddBottom30\">\n<div class=\"aboutFeaturedBox\">\n<div class=\"aboutFeaturedImg\">\n<div><a href=\"#\" target=\"_blank\" rel=\"noopener noreferrer\"><img decoding=\"async\" class=\"img-responsive\" src=\"\/wp-content\/uploads\/2020\/05\/SPA12_Hydro_Dermabrasion_Machine.jpeg\" \/><\/a><\/div>\n<div class=\"aboutFeaturedHoverWrapper\">\n<div class=\"aboutFeaturedBtn\"><a class=\"commonBtn\" href=\"https:\/\/kmslaser.com\/de\/hydro-dermabrasions-gesichtsbehandlungsgerat-spa12\/\" target=\"_blank\" rel=\"noopener noreferrer\">Details anzeigen<\/a><\/div>\n<\/div>\n<\/div>\n<div class=\"aboutFeaturedTitle paddTop20 tex-left\"><a href=\"https:\/\/kmslaser.com\/de\/hydro-dermabrasions-gesichtsbehandlungsgerat-spa12\/\" target=\"_blank\" rel=\"noopener noreferrer\">SPA12_Hydro_Dermabrasion_Maschine<\/a><\/div>\n<div class=\"aboutFeaturedText\">Suspendisse accumsan libero nec maximus semper. Morbi urna sem, laoreet porttitor nulla.<\/div>\n<\/div>\n<\/div>\n<div class=\"col-sm-12 col-md-4 paddBottom30\">\n<div class=\"aboutFeaturedBox\">\n<div class=\"aboutFeaturedImg\">\n<div><a href=\"\/de\/v9-body-slimming-machine\/\" target=\"_blank\" rel=\"noopener noreferrer\"><img decoding=\"async\" class=\"img-responsive\" src=\"\/wp-content\/uploads\/2020\/05\/V9_Body_Slimming_Machine.jpeg\" \/><\/a><\/div>\n<div class=\"aboutFeaturedHoverWrapper\">\n<div class=\"aboutFeaturedBtn\"><a class=\"commonBtn\" href=\"https:\/\/kmslaser.com\/de\/v9-velashape-maschine\/\" target=\"_blank\" rel=\"noopener noreferrer\">Details anzeigen<\/a><\/div>\n<\/div>\n<\/div>\n<div class=\"aboutFeaturedTitle paddTop20 tex-left\"><a href=\"https:\/\/kmslaser.com\/de\/v9-velashape-maschine\/\" target=\"_blank\" rel=\"noopener noreferrer\">V9 K\u00f6rper Schlankheitsmaschine<\/a><\/div>\n<div class=\"aboutFeaturedText\">Suspendisse accumsan libero nec maximus semper. Morbi urna sem, laoreet porttitor nulla.<\/div>\n<\/div>\n<\/div>\n<\/div>\n<\/div>\n<\/div>\n<div class=\"aboutFeaturedPoints paddTop90 paddBottom90\">\n<div class=\"container\">\n<div class=\"row cust-row text-center\">\n<div class=\"col-sm-12 paddBottom40\">\n<h2>Schnell und hocheffizient<\/h2>\n<\/div>\n<div class=\"clearfix\"><\/div>\n<div class=\"col-sm-6 col-md-3 paddBottom30\">\n<div class=\"aboutSupportBox aboutSupportBox1\">\n<div class=\"aboutSupportTitle\">Schnelle Kommunikation<\/div>\n<\/div>\n<\/div>\n<div class=\"col-sm-6 col-md-3 paddBottom30\">\n<div class=\"aboutSupportBox aboutSupportBox2\">\n<div class=\"aboutSupportTitle\">Schnelle Probe<\/div>\n<\/div>\n<\/div>\n<div class=\"col-sm-6 col-md-3 paddBottom30\">\n<div class=\"aboutSupportBox aboutSupportBox3\">\n<div class=\"aboutSupportTitle\">Schnelle Lieferung<\/div>\n<\/div>\n<\/div>\n<div class=\"col-sm-6 col-md-3 paddBottom30\">\n<div class=\"aboutSupportBox aboutSupportBox4\">\n<div class=\"aboutSupportTitle\">Schnelle Reklamationsl\u00f6sung<\/div>\n<\/div>\n<\/div>\n<\/div>\n<\/div>\n<\/div>\n<div class=\"aboutSection5 paddTop90 paddBottom90\">\n<div class=\"container\">\n<div class=\"row cust-row\">\n<div class=\"col-sm-12 text-center paddBottom85\">\n<h2>Strenge Qualit\u00e4tskontrolle jeder Maschine<\/h2>\n<div class=\"aboutSectionText paddBottom35\">Alle Elemente auf der elektrischen Platine sind gepr\u00fcft. Alle Hauptplatinen werden von uns entworfen. Und alle Maschinen werden vor der Auslieferung streng gepr\u00fcft.<\/div>\n<div><a class=\"fancybox-inline commonBtn\" href=\"#contactPopUpForm\">Anfrage f\u00fcr eine schnelle Antwort<\/a><\/div>\n<\/div>\n<div class=\"clearfix\"><\/div>\n<div class=\"col-sm-12 col-md-6\">\n<div class=\"aboutSliderWrapper aboutSliderWrapperLeft\"><div id=\"custom_html-8\" class=\"widget_text widget-container widget_custom_html\"><div class=\"textwidget custom-html-widget\"><ul class=\"homeSlider\">\r\n<li class=\"slide\"><img decoding=\"async\" src=\"\/wp-content\/uploads\/2020\/05\/Electric-Main-board-Design.jpg\" alt=\"Elektrische Hauptplatine Design\"><\/li>\r\n<li class=\"slide\"><img decoding=\"async\" src=\"\/wp-content\/uploads\/2020\/05\/ODM-Total-New-model.jpg\" alt=\"ODM Insgesamt Neues Modell\"><\/li>\r\n<li class=\"slide\"><img decoding=\"async\" src=\"\/wp-content\/uploads\/2020\/05\/Software-Design.jpg\" alt=\"Software-Entwicklung\"><\/li>\r\n<\/ul><\/div><\/div><div id=\"custom_html-4\" class=\"widget_text widget-container widget_custom_html\"><div class=\"textwidget custom-html-widget\"><div class=\"categoryForm divScroll\">\r\n<div class=\"cFormTitle\">Senden Sie Ihre Anfrage noch heute<\/div>\r\n<form action=\"https:\/\/gznewbelle.wufoo.com\/forms\/z8jntpu01jlvhd\/#public\" method=\"post\" name=\"form1\">\r\n<input name=\"Field1\" required type=\"text\" value=\"\" placeholder=\"Name*\" \/>\r\n<input name=\"Field2\" required type=\"email\" value=\"\" placeholder=\"E-Mail*\" \/>\r\n<textarea name=\"Field3\" required placeholder=\"Wie k\u00f6nnen wir Ihnen helfen?\"><\/textarea>\r\n<div class=\"hidden\"><input name=\"Field4\" type=\"text\" value=\"http:\/\/kmslaser.com\/de\/wp-json\/wp\/v2\/pages\/16\"\/><\/div>\r\n<div class=\"hidden\"><input name=\"Field6\" type=\"text\" value=\"\" \/><\/div>\r\n<div class=\"hidden\"><input name=\"Field7\" type=\"text\" value=\"Something else\" \/><\/div><div class=\"text-right\"><input name=\"saveForm\" type=\"submit\" value=\"Einreichen\" \/><\/div>\r\n<div class=\"hidden\"><textarea id=\"comment\" cols=\"1\" name=\"comment\" rows=\"1\"><\/textarea>\r\n<input id=\"idstamp\" name=\"idstamp\" type=\"hidden\" value=\"ctHYRv3PPgU5QxYPmFVAyor6rt1A67ued3gb1t6GN0M=\" \/><\/div>\r\n<\/form>\r\n<\/div><\/div><\/div><\/div>\n<\/div>\n<div class=\"col-sm-12 col-md-6 greyCircleList responsiveMargin\">\n<div class=\"aboutSliderHeading\">Einzigartiges Design &amp; Programmierung<\/div>\n<ul>\n<li>ODM v\u00f6llig neues Modell<\/li>\n<li>Design der elektrischen Hauptplatine.<\/li>\n<li>Software-Programmierung.<\/li>\n<li>Software-Entwicklung<\/li>\n<\/ul>\n<div><a class=\"fancybox-inline commonBtn\" href=\"#contactPopUpForm\">Senden Sie jetzt Ihre Anfrage<\/a><\/div>\n<\/div>\n<div class=\"clearfix paddBottom85\"><\/div>\n<div class=\"col-sm-12 col-md-6 greyCircleList\">\n<div class=\"aboutSliderHeading\">Stabile Struktur<\/div>\n<ul>\n<li>Gesamtes Eisenregal<\/li>\n<li>Wissenschaftlich zusammengestellt<\/li>\n<li>Wissenschaftlich konzipierte Struktur.<\/li>\n<li>Technisch qualifiziert.<\/li>\n<\/ul>\n<div><a class=\"fancybox-inline commonBtn\" href=\"#contactPopUpForm\">Senden Sie jetzt Ihre Anfrage<\/a><\/div>\n<\/div>\n<div class=\"col-sm-12 col-md-6 responsiveMargin\">\n<div class=\"aboutSliderWrapper aboutSliderWrapperRight\"><div id=\"custom_html-9\" class=\"widget_text widget-container widget_custom_html\"><div class=\"textwidget custom-html-widget\"><ul class=\"homeSlider\">\r\n<li class=\"slide\"><img decoding=\"async\" src=\"\/wp-content\/uploads\/2020\/05\/Iron-Structure.jpg\" alt=\"Eisenstruktur\"><\/li>\r\n<li class=\"slide\"><img decoding=\"async\" src=\"\/wp-content\/uploads\/2020\/05\/Scientifically-assembled.jpg\" alt=\"Wissenschaftlich zusammengestellt\"><\/li>\r\n<\/ul><\/div><\/div><\/div>\n<\/div>\n<div class=\"clearfix paddBottom85\"><\/div>\n<div class=\"col-sm-12 col-md-6\">\n<div class=\"aboutSliderWrapper aboutSliderWrapperLeft\"><div id=\"custom_html-10\" class=\"widget_text widget-container widget_custom_html\"><div class=\"textwidget custom-html-widget\"><ul class=\"homeSlider\">\r\n<li class=\"slide\"><img decoding=\"async\" src=\"\/wp-content\/uploads\/2020\/05\/Electric-Bord-Testing.jpg\" alt=\"Elektrische Bordpr\u00fcfung\"><\/li>\r\n<li class=\"slide\"><img decoding=\"async\" src=\"\/wp-content\/uploads\/2020\/05\/Non-dust-worship-for-testing.jpg\" alt=\"Staubfreie Anbetung zur Pr\u00fcfung\"><\/li>\r\n<li class=\"slide\"><img decoding=\"async\" src=\"\/wp-content\/uploads\/2020\/05\/Whole-machine-Testing.jpg\" alt=\"Gesamte Maschine Pr\u00fcfung\"><\/li>\r\n<\/ul><\/div><\/div><\/div>\n<\/div>\n<div class=\"col-sm-12 col-md-6 greyCircleList responsiveMargin\">\n<div class=\"aboutSliderHeading\">Qualit\u00e4tskontrolle<\/div>\n<ul>\n<li>Pr\u00fcfung elektronischer Komponenten<\/li>\n<li>Staubfreie Anbetung F\u00fcr Tests.<\/li>\n<li>Elektrische Platine Pr\u00fcfung<\/li>\n<li>Gesamte Maschine Pr\u00fcfung<\/li>\n<\/ul>\n<div><a class=\"fancybox-inline commonBtn\" href=\"#contactPopUpForm\">Senden Sie jetzt Ihre Anfrage<\/a><\/div>\n<\/div>\n<\/div>\n<\/div>\n<\/div>\n<div class=\"aboutSection6 paddBottom60\">\n<div class=\"container\">\n<div class=\"row cust-row text-center\">\n<div class=\"col-sm-12\">\n<div class=\"aboutSec6Box\">\n<div class=\"aboutSec6Img\"><img decoding=\"async\" class=\"img-responsive\" src=\"\/wp-content\/uploads\/2020\/03\/homeTabImg.jpg\" \/><\/div>\n<div class=\"aboutSec6Text tex-left\">Installation von Haarentfernungsger\u00e4ten<\/div>\n<\/div>\n<\/div>\n<\/div>\n<\/div>\n<\/div>\n<div class=\"aboutTeamSection paddTop90 paddBottom60\">\n<div class=\"container\">\n<div class=\"row cust-row text-center\">\n<div class=\"col-sm-12 text-center paddBottom60\">\n<h2>Erfahrenes Team<\/h2>\n<div class=\"aboutSectionText\">8 Jahre Erfahrung in der Herstellung: Gemeinsam mit unseren kompetenten Ingenieuren und Mitarbeitern arbeiten wir hart daran, Ihnen eine Komplettl\u00f6sung f\u00fcr Ihr erworbenes Gesch\u00e4ft zu bieten. Wir konzentrieren uns nicht nur auf die Innovation von Sch\u00f6nheitsmaschinenprodukten, sondern auch auf den Aufbau unseres hervorragenden Rufs gegen\u00fcber unseren Kunden auf der ganzen Welt.<\/div>\n<\/div>\n<div class=\"clearfix\"><\/div>\n<div class=\"col-sm-12 col-md-6\">\n<div class=\"aboutTeamBox aboutTeamBox1 aboutTeamBoxLeft\">\n<div class=\"aboutTeamTitle\">Designer-Team<\/div>\n<div class=\"aboutTeamText\">Professionelle Ingenieure, die Ihre unterschiedlichen Anforderungen erf\u00fcllen.<\/div>\n<\/div>\n<\/div>\n<div class=\"col-sm-12 col-md-6\">\n<div class=\"aboutTeamBox aboutTeamBox2 aboutTeamBoxRight\">\n<div class=\"aboutTeamTitle\">Produktionsteam<\/div>\n<div class=\"aboutTeamText\">Hochqualifizierte Arbeitskr\u00e4fte zur Herstellung qualifizierter Produkte<\/div>\n<\/div>\n<\/div>\n<div class=\"clearfix\"><\/div>\n<div class=\"col-sm-12 col-md-6\">\n<div class=\"aboutTeamBox aboutTeamBox3 aboutTeamBoxLeft\">\n<div class=\"aboutTeamTitle\">Verkaufsteam<\/div>\n<div class=\"aboutTeamText\">Ein sachkundiges Verkaufsteam, das alle Ihre Fragen beantwortet.<\/div>\n<\/div>\n<\/div>\n<div class=\"col-sm-12 col-md-6\">\n<div class=\"aboutTeamBox aboutTeamBox4 aboutTeamBoxRight\">\n<div class=\"aboutTeamTitle\">Qualit\u00e4tsteam<\/div>\n<div class=\"aboutTeamText\">3 malige Qualit\u00e4tskontrolle vor der Auslieferung.<\/div>\n<\/div>\n<\/div>\n<div class=\"clearfix\"><\/div>\n<div class=\"col-sm-12 col-md-6\">\n<div class=\"aboutTeamBox aboutTeamBox5 aboutTeamBoxLeft\">\n<div class=\"aboutTeamTitle\">Marketing-Team<\/div>\n<div class=\"aboutTeamText\">ein erfahrenes Team, das Ihnen vollst\u00e4ndige Marketingmaterialien zur Verf\u00fcgung stellt<\/div>\n<\/div>\n<\/div>\n<div class=\"col-sm-12 col-md-6\">\n<div class=\"aboutTeamBox aboutTeamBox6 aboutTeamBoxRight\">\n<div class=\"aboutTeamTitle\">Verpackungsteam<\/div>\n<div class=\"aboutTeamText\">Sorgf\u00e4ltig &amp; Streng verpackt jedes Paket.<\/div>\n<\/div>\n<\/div>\n<\/div>\n<\/div>\n<\/div>\n<div class=\"aboutContactSection greySection paddTop80 paddBottom75\">\n<div class=\"container\">\n<div class=\"row cust-row text-center\">\n<div class=\"col-sm-12 paddBottom20\">\n<h2>Jetzt KMSlaser kontaktieren<\/h2>\n<\/div>\n<div class=\"clearfix\"><\/div>\n<div class=\"aboutContactForm\"><div id=\"custom_html-5\" class=\"widget_text widget-container widget_custom_html\"><div class=\"textwidget custom-html-widget\"><form action=\"https:\/\/gznewbelle.wufoo.com\/forms\/z8jntpu01jlvhd\/#public\" method=\"post\" name=\"form1\">\r\n<div class=\"col-sm-6\"><input name=\"Field1\" required type=\"text\" value=\"\" placeholder=\"Ihr Name\" \/><\/div>\r\n<div class=\"col-sm-6\"><input name=\"Field2\" required type=\"email\" value=\"\" placeholder=\"Deine E-Mail\" \/><\/div>\r\n<div class=\"col-sm-12\"><textarea name=\"Field3\" required placeholder=\"Ihre Nachricht\"><\/textarea><\/div>\r\n<div class=\"hidden\"><input name=\"Field4\" type=\"text\" value=\"http:\/\/kmslaser.com\/de\/wp-json\/wp\/v2\/pages\/16\"\/><\/div>\r\n<div class=\"hidden\"><input name=\"Field6\" type=\"text\" value=\"\" \/><\/div>\r\n<div class=\"hidden\"><input name=\"Field7\" type=\"text\" value=\"Something else\" \/><\/div>\r\n<div class=\"col-sm-12 text-center\"><input name=\"saveForm\" type=\"submit\" value=\"Einreichen\" \/><\/div>\r\n<div class=\"hidden\"><textarea id=\"comment\" cols=\"1\" name=\"comment\" rows=\"1\"><\/textarea>\r\n<input id=\"idstamp\" name=\"idstamp\" type=\"hidden\" value=\"ctHYRv3PPgU5QxYPmFVAyor6rt1A67ued3gb1t6GN0M=\" \/><\/div>\r\n<\/form><\/div><\/div><\/div>\n<\/div>\n<\/div>\n<\/div>","protected":false},"excerpt":{"rendered":"<p>About KMSLASER 8 years of manufacturer of different beauty machines Unique Design OEM&amp;ODM Available Drop shipping available Technical service provided Send Your Inquiry KMSLASER: Your Custom Beauty Machines Manufacturer We have 5 software engineers and 2 hardware engineers to meet your demand on customizing different beauty machines. We have factory to support you on before [&hellip;]<\/p>\n","protected":false},"author":1,"featured_media":0,"parent":0,"menu_order":2,"comment_status":"closed","ping_status":"closed","template":"","meta":{"_acf_changed":false,"site-sidebar-layout":"no-sidebar","site-content-layout":"page-builder","ast-site-content-layout":"default","site-content-style":"default","site-sidebar-style":"default","ast-global-header-display":"","ast-banner-title-visibility":"","ast-main-header-display":"","ast-hfb-above-header-display":"","ast-hfb-below-header-display":"","ast-hfb-mobile-header-display":"","site-post-title":"disabled","ast-breadcrumbs-content":"disabled","ast-featured-img":"disabled","footer-sml-layout":"","ast-disable-related-posts":"","theme-transparent-header-meta":"","adv-header-id-meta":null,"stick-header-meta":"","header-above-stick-meta":null,"header-main-stick-meta":"","header-below-stick-meta":null,"astra-migrate-meta-layouts":"default","ast-page-background-enabled":"default","ast-page-background-meta":{"desktop":{"background-color":"","background-image":"","background-repeat":"repeat","background-position":"center center","background-size":"auto","background-attachment":"scroll","background-type":"","background-media":"","overlay-type":"","overlay-color":"","overlay-opacity":"","overlay-gradient":""},"tablet":{"background-color":"","background-image":"","background-repeat":"repeat","background-position":"center center","background-size":"auto","background-attachment":"scroll","background-type":"","background-media":"","overlay-type":"","overlay-color":"","overlay-opacity":"","overlay-gradient":""},"mobile":{"background-color":"","background-image":"","background-repeat":"repeat","background-position":"center center","background-size":"auto","background-attachment":"scroll","background-type":"","background-media":"","overlay-type":"","overlay-color":"","overlay-opacity":"","overlay-gradient":""}},"ast-content-background-meta":{"desktop":{"background-color":"var(--ast-global-color-5)","background-image":"","background-repeat":"repeat","background-position":"center center","background-size":"auto","background-attachment":"scroll","background-type":"","background-media":"","overlay-type":"","overlay-color":"","overlay-opacity":"","overlay-gradient":""},"tablet":{"background-color":"var(--ast-global-color-5)","background-image":"","background-repeat":"repeat","background-position":"center center","background-size":"auto","background-attachment":"scroll","background-type":"","background-media":"","overlay-type":"","overlay-color":"","overlay-opacity":"","overlay-gradient":""},"mobile":{"background-color":"var(--ast-global-color-5)","background-image":"","background-repeat":"repeat","background-position":"center center","background-size":"auto","background-attachment":"scroll","background-type":"","background-media":"","overlay-type":"","overlay-color":"","overlay-opacity":"","overlay-gradient":""}},"footnotes":""},"class_list":["post-16","page","type-page","status-publish","hentry"],"acf":[],"yoast_head":"<!-- This site is optimized with the Yoast SEO Premium plugin v27.0 (Yoast SEO v27.5) - https:\/\/yoast.com\/product\/yoast-seo-premium-wordpress\/ -->\n<title>About - KMSLaser<\/title>\n<meta name=\"robots\" content=\"index, follow, max-snippet:-1, max-image-preview:large, max-video-preview:-1\" \/>\n<link rel=\"canonical\" href=\"https:\/\/kmslaser.com\/de\/uber\/\" \/>\n<meta property=\"og:locale\" content=\"de_DE\" \/>\n<meta property=\"og:type\" content=\"article\" \/>\n<meta property=\"og:title\" content=\"About\" \/>\n<meta property=\"og:description\" content=\"About KMSLASER 8 years of manufacturer of different beauty machines Unique Design OEM&amp;ODM Available Drop shipping available Technical service provided Send Your Inquiry KMSLASER: Your Custom Beauty Machines Manufacturer We have 5 software engineers and 2 hardware engineers to meet your demand on customizing different beauty machines. We have factory to support you on before [&hellip;]\" \/>\n<meta property=\"og:url\" content=\"https:\/\/kmslaser.com\/de\/uber\/\" \/>\n<meta property=\"og:site_name\" content=\"KMSLaser\" \/>\n<meta property=\"article:modified_time\" content=\"2022-02-22T07:59:45+00:00\" \/>\n<meta property=\"og:image\" content=\"https:\/\/kmslaser.com\/wp-content\/uploads\/2020\/05\/EMS_Fitness_machine.jpeg\" \/>\n<meta name=\"twitter:card\" content=\"summary_large_image\" \/>\n<meta name=\"twitter:label1\" content=\"Gesch\u00e4tzte Lesezeit\" \/>\n\t<meta name=\"twitter:data1\" content=\"2\u00a0Minuten\" \/>\n<!-- \/ Yoast SEO Premium plugin. -->","yoast_head_json":{"title":"\u00dcber - KMSLaser","robots":{"index":"index","follow":"follow","max-snippet":"max-snippet:-1","max-image-preview":"max-image-preview:large","max-video-preview":"max-video-preview:-1"},"canonical":"https:\/\/kmslaser.com\/de\/uber\/","og_locale":"de_DE","og_type":"article","og_title":"About","og_description":"About KMSLASER 8 years of manufacturer of different beauty machines Unique Design OEM&amp;ODM Available Drop shipping available Technical service provided Send Your Inquiry KMSLASER: Your Custom Beauty Machines Manufacturer We have 5 software engineers and 2 hardware engineers to meet your demand on customizing different beauty machines. We have factory to support you on before [&hellip;]","og_url":"https:\/\/kmslaser.com\/de\/uber\/","og_site_name":"KMSLaser","article_modified_time":"2022-02-22T07:59:45+00:00","og_image":[{"url":"https:\/\/kmslaser.com\/wp-content\/uploads\/2020\/05\/EMS_Fitness_machine.jpeg","type":"","width":"","height":""}],"twitter_card":"summary_large_image","twitter_misc":{"Gesch\u00e4tzte Lesezeit":"2\u00a0Minuten"},"schema":{"@context":"https:\/\/schema.org","@graph":[{"@type":"WebPage","@id":"https:\/\/kmslaser.com\/about\/","url":"https:\/\/kmslaser.com\/about\/","name":"\u00dcber - KMSLaser","isPartOf":{"@id":"https:\/\/kmslaser.com\/#website"},"datePublished":"2020-02-19T07:00:09+00:00","dateModified":"2022-02-22T07:59:45+00:00","breadcrumb":{"@id":"https:\/\/kmslaser.com\/about\/#breadcrumb"},"inLanguage":"de","potentialAction":[{"@type":"ReadAction","target":["https:\/\/kmslaser.com\/about\/"]}]},{"@type":"BreadcrumbList","@id":"https:\/\/kmslaser.com\/about\/#breadcrumb","itemListElement":[{"@type":"ListItem","position":1,"name":"Home","item":"https:\/\/kmslaser.com\/"},{"@type":"ListItem","position":2,"name":"About"}]},{"@type":"WebSite","@id":"https:\/\/kmslaser.com\/#website","url":"https:\/\/kmslaser.com\/","name":"KMSLaser","description":"","publisher":{"@id":"https:\/\/kmslaser.com\/#organization"},"potentialAction":[{"@type":"SearchAction","target":{"@type":"EntryPoint","urlTemplate":"https:\/\/kmslaser.com\/?s={search_term_string}"},"query-input":{"@type":"PropertyValueSpecification","valueRequired":true,"valueName":"search_term_string"}}],"inLanguage":"de"},{"@type":"Organization","@id":"https:\/\/kmslaser.com\/#organization","name":"KMSLaser","url":"https:\/\/kmslaser.com\/","logo":{"@type":"ImageObject","inLanguage":"de","@id":"https:\/\/kmslaser.com\/#\/schema\/logo\/image\/","url":"https:\/\/kmslaser.com\/wp-content\/uploads\/2020\/02\/logo.png","contentUrl":"https:\/\/kmslaser.com\/wp-content\/uploads\/2020\/02\/logo.png","width":180,"height":71,"caption":"KMSLaser"},"image":{"@id":"https:\/\/kmslaser.com\/#\/schema\/logo\/image\/"}}]}},"_links":{"self":[{"href":"https:\/\/kmslaser.com\/de\/wp-json\/wp\/v2\/pages\/16","targetHints":{"allow":["GET"]}}],"collection":[{"href":"https:\/\/kmslaser.com\/de\/wp-json\/wp\/v2\/pages"}],"about":[{"href":"https:\/\/kmslaser.com\/de\/wp-json\/wp\/v2\/types\/page"}],"author":[{"embeddable":true,"href":"https:\/\/kmslaser.com\/de\/wp-json\/wp\/v2\/users\/1"}],"replies":[{"embeddable":true,"href":"https:\/\/kmslaser.com\/de\/wp-json\/wp\/v2\/comments?post=16"}],"version-history":[{"count":0,"href":"https:\/\/kmslaser.com\/de\/wp-json\/wp\/v2\/pages\/16\/revisions"}],"wp:attachment":[{"href":"https:\/\/kmslaser.com\/de\/wp-json\/wp\/v2\/media?parent=16"}],"curies":[{"name":"wp","href":"https:\/\/api.w.org\/{rel}","templated":true}]}}